



{"id":182534,"date":"2025-07-23T13:37:40","date_gmt":"2025-07-23T11:37:40","guid":{"rendered":"https:\/\/www.idnerja.com\/aktivitaten\/tarde-de-tertulia\/"},"modified":"2025-07-23T14:23:52","modified_gmt":"2025-07-23T12:23:52","slug":"kaffeerunde","status":"publish","type":"page","link":"https:\/\/www.idnerja.com\/de\/aktivitaten\/kaffeerunde\/","title":{"rendered":"Kaffeerunde"},"content":{"rendered":"[vc_row type=&#8220;in_container&#8220; full_screen_row_position=&#8220;middle&#8220; column_margin=&#8220;default&#8220; column_direction=&#8220;default&#8220; column_direction_tablet=&#8220;default&#8220; column_direction_phone=&#8220;default&#8220; scene_position=&#8220;center&#8220; text_color=&#8220;dark&#8220; text_align=&#8220;left&#8220; row_border_radius=&#8220;none&#8220; row_border_radius_applies=&#8220;bg&#8220; overlay_strength=&#8220;0.3&#8243; gradient_direction=&#8220;left_to_right&#8220; shape_divider_position=&#8220;bottom&#8220; bg_image_animation=&#8220;none&#8220;][vc_column column_padding=&#8220;no-extra-padding&#8220; column_padding_tablet=&#8220;inherit&#8220; column_padding_phone=&#8220;inherit&#8220; column_padding_position=&#8220;all&#8220; column_element_spacing=&#8220;default&#8220; background_color_opacity=&#8220;1&#8243; background_hover_color_opacity=&#8220;1&#8243; column_shadow=&#8220;none&#8220; column_border_radius=&#8220;none&#8220; column_link_target=&#8220;_self&#8220; gradient_direction=&#8220;left_to_right&#8220; overlay_strength=&#8220;0.3&#8243; width=&#8220;1\/1&#8243; tablet_width_inherit=&#8220;default&#8220; tablet_text_alignment=&#8220;default&#8220; phone_text_alignment=&#8220;default&#8220; bg_image_animation=&#8220;none&#8220; border_type=&#8220;simple&#8220; column_border_width=&#8220;none&#8220; column_border_style=&#8220;solid&#8220;][vc_column_text]\n<div id=\"ficha-ein\">\n<div class=\"set-descripcion\">\n<p>Bei dieser Aktivit\u00e4t treffen wir uns in einem gem\u00fctlichen Teehaus im arabischen Stil im Zentrum von Nerja, um einen entspannten Nachmittag ganz im Geiste traditioneller Gespr\u00e4chsrunden zu genie\u00dfen. Wir trinken marokkanischen Tee oder Kaffee, begleitet von k\u00f6stlichen arabischen Desserts. Es ist der perfekte Moment, um auf Spanisch zu plaudern, Erfahrungen auszutauschen, die Sprache in einer informellen Umgebung zu \u00fcben und die Mitsch\u00fcler und Lehrer besser kennenzulernen. Das alles in einer warmen, ruhigen und bezaubernden Atmosph\u00e4re, die zum Gespr\u00e4ch einl\u00e4dt.<\/p>\n<\/div>\n<div id=\"fotosx4\"><a href=\"https:\/\/www.idnerja.com\/wp-content\/uploads\/2025\/07\/tarde-de-tertulia-1.jpg\" data-imagelightbox=\"b\" rel=\"prettyPhoto[gallery-HoDo]\"><img decoding=\"async\" src=\"https:\/\/www.idnerja.com\/wp-content\/uploads\/2025\/07\/tarde-de-tertulia-1.jpg\" \/><\/a><a href=\"https:\/\/www.idnerja.com\/wp-content\/uploads\/2025\/07\/tarde-de-tertulia-2.jpg\" data-imagelightbox=\"b\" rel=\"prettyPhoto[gallery-HoDo]\"><img decoding=\"async\" src=\"https:\/\/www.idnerja.com\/wp-content\/uploads\/2025\/07\/tarde-de-tertulia-2.jpg\" \/><\/a><br \/>\n<a href=\"https:\/\/www.idnerja.com\/wp-content\/uploads\/2025\/07\/tarde-de-tertulia-3.jpg\" data-imagelightbox=\"b\" rel=\"prettyPhoto[gallery-HoDo]\"><img decoding=\"async\" class=\"alignnone\" src=\"https:\/\/www.idnerja.com\/wp-content\/uploads\/2025\/07\/tarde-de-tertulia-3.jpg\" alt=\"Cuevas de Nerja\" \/><\/a><br \/>\n<a href=\"https:\/\/www.idnerja.com\/wp-content\/uploads\/2025\/07\/tarde-de-tertulia-4.jpg\" data-imagelightbox=\"b\" rel=\"prettyPhoto[gallery-HoDo]\"><img decoding=\"async\" src=\"https:\/\/www.idnerja.com\/wp-content\/uploads\/2025\/07\/tarde-de-tertulia-4.jpg\" \/><\/a><\/div>\n<\/div>\n[\/vc_column_text][\/vc_column][\/vc_row]\n","protected":false},"excerpt":{"rendered":"<p>Bei dieser Aktivit\u00e4t treffen wir uns in einem gem\u00fctlichen Teehaus im arabischen Stil im Zentrum von Nerja, um einen entspannten Nachmittag ganz im Geiste traditioneller Gespr\u00e4chsrunden zu genie\u00dfen. Wir trinken&hellip;<\/p>","protected":false},"author":31,"featured_media":0,"parent":7045,"menu_order":0,"comment_status":"closed","ping_status":"closed","template":"page-sidebar.php","meta":{"_monsterinsights_skip_tracking":false,"_monsterinsights_sitenote_active":false,"_monsterinsights_sitenote_note":"","_monsterinsights_sitenote_category":0,"footnotes":""},"class_list":["post-182534","page","type-page","status-publish"],"_links":{"self":[{"href":"https:\/\/www.idnerja.com\/de\/wp-json\/wp\/v2\/pages\/182534","targetHints":{"allow":["GET"]}}],"collection":[{"href":"https:\/\/www.idnerja.com\/de\/wp-json\/wp\/v2\/pages"}],"about":[{"href":"https:\/\/www.idnerja.com\/de\/wp-json\/wp\/v2\/types\/page"}],"author":[{"embeddable":true,"href":"https:\/\/www.idnerja.com\/de\/wp-json\/wp\/v2\/users\/31"}],"replies":[{"embeddable":true,"href":"https:\/\/www.idnerja.com\/de\/wp-json\/wp\/v2\/comments?post=182534"}],"version-history":[{"count":2,"href":"https:\/\/www.idnerja.com\/de\/wp-json\/wp\/v2\/pages\/182534\/revisions"}],"predecessor-version":[{"id":182538,"href":"https:\/\/www.idnerja.com\/de\/wp-json\/wp\/v2\/pages\/182534\/revisions\/182538"}],"up":[{"embeddable":true,"href":"https:\/\/www.idnerja.com\/de\/wp-json\/wp\/v2\/pages\/7045"}],"wp:attachment":[{"href":"https:\/\/www.idnerja.com\/de\/wp-json\/wp\/v2\/media?parent=182534"}],"curies":[{"name":"wp","href":"https:\/\/api.w.org\/{rel}","templated":true}]}}