



{"id":7074,"date":"2015-12-16T09:48:55","date_gmt":"2015-12-16T08:48:55","guid":{"rendered":"https:\/\/www.idnerja.com\/?page_id=7074"},"modified":"2018-12-20T13:40:11","modified_gmt":"2018-12-20T12:40:11","slug":"ausflug-nach-frigiliana","status":"publish","type":"page","link":"https:\/\/www.idnerja.com\/de\/aktivitaten\/ausflug-nach-frigiliana\/","title":{"rendered":"Ausflug nach Frigiliana"},"content":{"rendered":"<div id=\"ficha-ein\">\n<h1><\/h1>\n<div class=\"set-descripcion\">\n<p>Dieses kleine Dorf, das mehrmals die Auszeichnung \u201cSch\u00f6nstes Dorf Andalusiens\u201d erhielt, liegt 300 Meter \u00fcber dem Meeresspiegel und ist eines der sogenannten \u201cweissen D\u00f6rfer\u201d des Bezirks Axarquia, zu dem auch Nerja geh\u00f6rt.<\/p>\n<p>Es ist ausserdem ber\u00fchmt f\u00fcr seinen charakteristischen, aus Rosinen (an der Sonne getrocknenten Weintauben) gewonnenen Wein sowie f\u00fcr seinen Rohrzucker aus der \u201cIngenio\u201d, der einzigen Zuckerrohrfabrik, die dieses Produkt in Europa noch herstellt.<\/p>\n<p>Ausserdem ist die historische Bedeutung des Dorfes im XVI Jahrhundert erw\u00e4hnenswert, als die moriskischen Aufst\u00e4nde es zum Protagonisten einer der haupts\u00e4chlichen Schlachten zwischen den unverstandenen Morisken und den Truppen des K\u00f6ngis Felipe II erhoben: Die Schlacht wird auf Wandkacheln am Felsen von Frigiliana erz\u00e4hlt. Diese Darstellung der Geschichte bietet den Besuchern des Dorfes eine zudem eine interessante Wegbeschreibung.<\/p>\n<\/div>\n<div id=\"fotosx4\"><a href=\"\/wp-content\/themes\/EINerja\/ficha\/actividades\/frigiliana-2.jpg\" data-imagelightbox=\"b\" rel=\"prettyPhoto[gallery-96CN]\"><img loading=\"lazy\" decoding=\"async\" class=\"alignnone size-full wp-image-62069\" src=\"https:\/\/www.idnerja.com\/wp-content\/uploads\/2018\/12\/Visita-a-Frigiliana-4.jpg\" alt=\"Escuela de Idiomas Nerja\" width=\"390\" height=\"198\" srcset=\"https:\/\/www.idnerja.com\/wp-content\/uploads\/2018\/12\/Visita-a-Frigiliana-4.jpg 390w, https:\/\/www.idnerja.com\/wp-content\/uploads\/2018\/12\/Visita-a-Frigiliana-4-150x76.jpg 150w\" sizes=\"auto, (max-width: 390px) 100vw, 390px\" \/><img loading=\"lazy\" decoding=\"async\" class=\"alignnone size-full wp-image-62079\" src=\"https:\/\/www.idnerja.com\/wp-content\/uploads\/2018\/12\/Visita-a-Frigiliana-21.jpg\" alt=\"Escuela de Idiomas Nerja\" width=\"390\" height=\"199\" srcset=\"https:\/\/www.idnerja.com\/wp-content\/uploads\/2018\/12\/Visita-a-Frigiliana-21.jpg 390w, https:\/\/www.idnerja.com\/wp-content\/uploads\/2018\/12\/Visita-a-Frigiliana-21-150x77.jpg 150w\" sizes=\"auto, (max-width: 390px) 100vw, 390px\" \/><\/a><br \/>\n<img loading=\"lazy\" decoding=\"async\" class=\"alignnone size-full wp-image-62089\" src=\"https:\/\/www.idnerja.com\/wp-content\/uploads\/2018\/12\/Visita-a-Frigiliana-22.jpg\" alt=\"Escuela de Idiomas Nerja\" width=\"390\" height=\"194\" srcset=\"https:\/\/www.idnerja.com\/wp-content\/uploads\/2018\/12\/Visita-a-Frigiliana-22.jpg 390w, https:\/\/www.idnerja.com\/wp-content\/uploads\/2018\/12\/Visita-a-Frigiliana-22-150x75.jpg 150w\" sizes=\"auto, (max-width: 390px) 100vw, 390px\" \/><br \/>\n<a href=\"\/wp-content\/themes\/EINerja\/ficha\/actividades\/frigiliana-4.jpg\" data-imagelightbox=\"b\" rel=\"prettyPhoto[gallery-96CN]\"><img decoding=\"async\" src=\"\/wp-content\/themes\/EINerja\/ficha\/actividades\/frigiliana-4-small.jpg\" \/><\/a><\/div>\n<\/div>\n","protected":false},"excerpt":{"rendered":"<p>Dieses kleine Dorf, das mehrmals die Auszeichnung \u201cSch\u00f6nstes Dorf Andalusiens\u201d erhielt, liegt 300 Meter \u00fcber dem Meeresspiegel und ist eines der sogenannten \u201cweissen D\u00f6rfer\u201d des Bezirks Axarquia, zu dem auch&hellip;<\/p>","protected":false},"author":34,"featured_media":0,"parent":7045,"menu_order":4,"comment_status":"open","ping_status":"closed","template":"page-sidebar.php","meta":{"_monsterinsights_skip_tracking":false,"_monsterinsights_sitenote_active":false,"_monsterinsights_sitenote_note":"","_monsterinsights_sitenote_category":0,"footnotes":""},"class_list":["post-7074","page","type-page","status-publish"],"_links":{"self":[{"href":"https:\/\/www.idnerja.com\/de\/wp-json\/wp\/v2\/pages\/7074","targetHints":{"allow":["GET"]}}],"collection":[{"href":"https:\/\/www.idnerja.com\/de\/wp-json\/wp\/v2\/pages"}],"about":[{"href":"https:\/\/www.idnerja.com\/de\/wp-json\/wp\/v2\/types\/page"}],"author":[{"embeddable":true,"href":"https:\/\/www.idnerja.com\/de\/wp-json\/wp\/v2\/users\/34"}],"replies":[{"embeddable":true,"href":"https:\/\/www.idnerja.com\/de\/wp-json\/wp\/v2\/comments?post=7074"}],"version-history":[{"count":0,"href":"https:\/\/www.idnerja.com\/de\/wp-json\/wp\/v2\/pages\/7074\/revisions"}],"up":[{"embeddable":true,"href":"https:\/\/www.idnerja.com\/de\/wp-json\/wp\/v2\/pages\/7045"}],"wp:attachment":[{"href":"https:\/\/www.idnerja.com\/de\/wp-json\/wp\/v2\/media?parent=7074"}],"curies":[{"name":"wp","href":"https:\/\/api.w.org\/{rel}","templated":true}]}}