



{"id":7078,"date":"2015-12-16T09:54:01","date_gmt":"2015-12-16T08:54:01","guid":{"rendered":"https:\/\/www.idnerja.com\/?page_id=7078"},"modified":"2025-06-24T14:10:38","modified_gmt":"2025-06-24T12:10:38","slug":"volleyball-strand","status":"publish","type":"page","link":"https:\/\/www.idnerja.com\/de\/aktivitaten\/volleyball-strand\/","title":{"rendered":"Volleyball am strand"},"content":{"rendered":"<div id=\"ficha-ein\">\n<h1><\/h1>\n<div class=\"set-descripcion\">\n<p>Genie\u00dfe diese fantastische Sommer-Sportaktivit\u00e4t zusammen mit anderen Sch\u00fclern und Lehrern am wundersch\u00f6nen Strand von Burriana. Jede Woche von Mai bis September \u2013 spiel mit uns!<\/p>\n<\/div>\n<div id=\"fotosx4\"><a href=\"\/wp-content\/themes\/EINerja\/ficha\/actividades\/voley-playa-1.jpg\" data-imagelightbox=\"b\" rel=\"prettyPhoto[gallery-dMJi]\"><img decoding=\"async\" src=\"\/wp-content\/themes\/EINerja\/ficha\/actividades\/voley-playa-1-small.jpg\" \/><\/a><a href=\"\/wp-content\/themes\/EINerja\/ficha\/actividades\/voley-playa-2.jpg\" data-imagelightbox=\"b\" rel=\"prettyPhoto[gallery-dMJi]\"><img decoding=\"async\" src=\"\/wp-content\/themes\/EINerja\/ficha\/actividades\/voley-playa-2-small.jpg\" \/><\/a><br \/>\n<a href=\"\/wp-content\/themes\/EINerja\/ficha\/actividades\/voley-playa-3.jpg\" data-imagelightbox=\"b\" rel=\"prettyPhoto[gallery-dMJi]\"><img decoding=\"async\" src=\"\/wp-content\/themes\/EINerja\/ficha\/actividades\/voley-playa-3-small.jpg\" \/><\/a><br \/>\n<a href=\"\/wp-content\/themes\/EINerja\/ficha\/actividades\/voley-playa-4.jpg\" data-imagelightbox=\"b\" rel=\"prettyPhoto[gallery-dMJi]\"><img decoding=\"async\" src=\"\/wp-content\/themes\/EINerja\/ficha\/actividades\/voley-playa-4-small.jpg\" \/><\/a><\/div>\n<\/div>\n","protected":false},"excerpt":{"rendered":"<p>Genie\u00dfe diese fantastische Sommer-Sportaktivit\u00e4t zusammen mit anderen Sch\u00fclern und Lehrern am wundersch\u00f6nen Strand von Burriana. Jede Woche von Mai bis September \u2013 spiel mit uns!<\/p>","protected":false},"author":34,"featured_media":0,"parent":7045,"menu_order":6,"comment_status":"open","ping_status":"closed","template":"page-sidebar.php","meta":{"_monsterinsights_skip_tracking":false,"_monsterinsights_sitenote_active":false,"_monsterinsights_sitenote_note":"","_monsterinsights_sitenote_category":0,"footnotes":""},"class_list":["post-7078","page","type-page","status-publish"],"_links":{"self":[{"href":"https:\/\/www.idnerja.com\/de\/wp-json\/wp\/v2\/pages\/7078","targetHints":{"allow":["GET"]}}],"collection":[{"href":"https:\/\/www.idnerja.com\/de\/wp-json\/wp\/v2\/pages"}],"about":[{"href":"https:\/\/www.idnerja.com\/de\/wp-json\/wp\/v2\/types\/page"}],"author":[{"embeddable":true,"href":"https:\/\/www.idnerja.com\/de\/wp-json\/wp\/v2\/users\/34"}],"replies":[{"embeddable":true,"href":"https:\/\/www.idnerja.com\/de\/wp-json\/wp\/v2\/comments?post=7078"}],"version-history":[{"count":1,"href":"https:\/\/www.idnerja.com\/de\/wp-json\/wp\/v2\/pages\/7078\/revisions"}],"predecessor-version":[{"id":182193,"href":"https:\/\/www.idnerja.com\/de\/wp-json\/wp\/v2\/pages\/7078\/revisions\/182193"}],"up":[{"embeddable":true,"href":"https:\/\/www.idnerja.com\/de\/wp-json\/wp\/v2\/pages\/7045"}],"wp:attachment":[{"href":"https:\/\/www.idnerja.com\/de\/wp-json\/wp\/v2\/media?parent=7078"}],"curies":[{"name":"wp","href":"https:\/\/api.w.org\/{rel}","templated":true}]}}