



{"id":7087,"date":"2015-12-16T10:07:31","date_gmt":"2015-12-16T09:07:31","guid":{"rendered":"https:\/\/www.idnerja.com\/?page_id=7087"},"modified":"2018-12-20T13:43:30","modified_gmt":"2018-12-20T12:43:30","slug":"exkursion-malaga","status":"publish","type":"page","link":"https:\/\/www.idnerja.com\/de\/aktivitaten\/exkursion-malaga\/","title":{"rendered":"Exkursion nach Malaga"},"content":{"rendered":"<div id=\"ficha-ein\">\n<h1><\/h1>\n<div class=\"set-descripcion\">\n<p>Als erste Station wird in Malaga der <b><i>\u201eMercado Central de Atarazanas\u201c<\/i><\/b> besucht: Dieses Markt-Geb\u00e4ude wurde zum Ende des 19. Jahrhunderts im neoarabischen Stil neben einer alten Schiffsfabrik der Nazarener errichtet. Daher stammt auch der Name des Marktes:Atarazanas.<\/p>\n<p>Danach geht es zur <b><i>\u201eCatedral de M\u00e1laga\u201c<\/i><\/b>, der Kathedrale von Malaga: Dieses Monument ist eines der vollendetsten Beispiele der spanischen Renaissance. Einen weltweit excellenten Ruf genie\u00dft dar\u00fcber hinaus der Chor der Kathedrale.<\/p>\n<p>Nach einer Pause zum Mittagessen oder einem Bummel durch die Innenstadt (wir werden Ihnen empfehlen, den Plaza de la Merced zu besuchen, an dem auch das Geburtshaus Picassos liegt), geht es weiter zum Alcazaba, dem im 11. Jahrhundert erbauten Hispano-muslimischen Palast.<\/p>\n<p>Am Nachmittag geht es zum <b><i>Picasso-Museum<\/i><\/b>, in dem permanent 286 Werke des ber\u00fchmten Sohnes Malagas ausgestellt sind. Sie vermitteln einen \u00dcberblick \u00fcber Picassos revolution\u00e4res Engagement, \u00fcber seine sehr unterschiedlichen Stilentwicklungen, verschiedenen Materialien und Techniken.<\/p>\n<\/div>\n<div id=\"fotosx4\"><a href=\"\/wp-content\/themes\/EINerja\/ficha\/excursion\/malaga-2.jpg\" data-imagelightbox=\"b\" rel=\"prettyPhoto[gallery-B0Gw]\"><img loading=\"lazy\" decoding=\"async\" class=\"alignnone size-full wp-image-62100\" src=\"https:\/\/www.idnerja.com\/wp-content\/uploads\/2018\/12\/Malaga-1.jpg\" alt=\"Escuela de Idiomas Nerja\" width=\"390\" height=\"193\" srcset=\"https:\/\/www.idnerja.com\/wp-content\/uploads\/2018\/12\/Malaga-1.jpg 390w, https:\/\/www.idnerja.com\/wp-content\/uploads\/2018\/12\/Malaga-1-150x74.jpg 150w\" sizes=\"auto, (max-width: 390px) 100vw, 390px\" \/><img loading=\"lazy\" decoding=\"async\" class=\"alignnone size-full wp-image-62110\" src=\"https:\/\/www.idnerja.com\/wp-content\/uploads\/2018\/12\/Malaga-2.jpg\" alt=\"Escuela de Idiomas Nerja\" width=\"390\" height=\"199\" srcset=\"https:\/\/www.idnerja.com\/wp-content\/uploads\/2018\/12\/Malaga-2.jpg 390w, https:\/\/www.idnerja.com\/wp-content\/uploads\/2018\/12\/Malaga-2-150x77.jpg 150w\" sizes=\"auto, (max-width: 390px) 100vw, 390px\" \/><\/a><br \/>\n<img loading=\"lazy\" decoding=\"async\" class=\"alignnone size-full wp-image-62120\" src=\"https:\/\/www.idnerja.com\/wp-content\/uploads\/2018\/12\/Malaga-3.jpg\" alt=\"Escuela de Idiomas Nerja\" width=\"390\" height=\"201\" srcset=\"https:\/\/www.idnerja.com\/wp-content\/uploads\/2018\/12\/Malaga-3.jpg 390w, https:\/\/www.idnerja.com\/wp-content\/uploads\/2018\/12\/Malaga-3-150x77.jpg 150w\" sizes=\"auto, (max-width: 390px) 100vw, 390px\" \/><br \/>\n<img loading=\"lazy\" decoding=\"async\" class=\"alignnone size-full wp-image-62130\" src=\"https:\/\/www.idnerja.com\/wp-content\/uploads\/2018\/12\/Malaga-4.jpg\" alt=\"Escuela de Idiomas Nerja\" width=\"390\" height=\"207\" srcset=\"https:\/\/www.idnerja.com\/wp-content\/uploads\/2018\/12\/Malaga-4.jpg 390w, https:\/\/www.idnerja.com\/wp-content\/uploads\/2018\/12\/Malaga-4-150x80.jpg 150w\" sizes=\"auto, (max-width: 390px) 100vw, 390px\" \/><\/div>\n<\/div>\n","protected":false},"excerpt":{"rendered":"<p>Als erste Station wird in Malaga der \u201eMercado Central de Atarazanas\u201c besucht: Dieses Markt-Geb\u00e4ude wurde zum Ende des 19. Jahrhunderts im neoarabischen Stil neben einer alten Schiffsfabrik der Nazarener errichtet.&hellip;<\/p>","protected":false},"author":34,"featured_media":0,"parent":7045,"menu_order":11,"comment_status":"open","ping_status":"closed","template":"page-sidebar.php","meta":{"_monsterinsights_skip_tracking":false,"_monsterinsights_sitenote_active":false,"_monsterinsights_sitenote_note":"","_monsterinsights_sitenote_category":0,"footnotes":""},"class_list":["post-7087","page","type-page","status-publish"],"_links":{"self":[{"href":"https:\/\/www.idnerja.com\/de\/wp-json\/wp\/v2\/pages\/7087","targetHints":{"allow":["GET"]}}],"collection":[{"href":"https:\/\/www.idnerja.com\/de\/wp-json\/wp\/v2\/pages"}],"about":[{"href":"https:\/\/www.idnerja.com\/de\/wp-json\/wp\/v2\/types\/page"}],"author":[{"embeddable":true,"href":"https:\/\/www.idnerja.com\/de\/wp-json\/wp\/v2\/users\/34"}],"replies":[{"embeddable":true,"href":"https:\/\/www.idnerja.com\/de\/wp-json\/wp\/v2\/comments?post=7087"}],"version-history":[{"count":0,"href":"https:\/\/www.idnerja.com\/de\/wp-json\/wp\/v2\/pages\/7087\/revisions"}],"up":[{"embeddable":true,"href":"https:\/\/www.idnerja.com\/de\/wp-json\/wp\/v2\/pages\/7045"}],"wp:attachment":[{"href":"https:\/\/www.idnerja.com\/de\/wp-json\/wp\/v2\/media?parent=7087"}],"curies":[{"name":"wp","href":"https:\/\/api.w.org\/{rel}","templated":true}]}}