



{"id":7089,"date":"2015-12-16T10:12:14","date_gmt":"2015-12-16T09:12:14","guid":{"rendered":"https:\/\/www.idnerja.com\/?page_id=7089"},"modified":"2017-08-31T11:51:26","modified_gmt":"2017-08-31T09:51:26","slug":"exkursion-cordoba","status":"publish","type":"page","link":"https:\/\/www.idnerja.com\/de\/aktivitaten\/exkursion-cordoba\/","title":{"rendered":"Exkursion nach Cordoba"},"content":{"rendered":"<div id=\"ficha-ein\">\n<h1><\/h1>\n<div class=\"set-descripcion\">\n<p>Erste Station unserer Exkursion wird der <b><i>Plaza de la Corredera<\/i><\/b> sein, der gr\u00f6\u00dfte Platz Cordobas. Weiter geht es zum <b><i>Romanischen Tempel<\/i><\/b>, Dann gehen wir gehen durch die Juder\u00eda, das j\u00fcdische Viertel, ein wahres Labyrinth von mit Blumenk\u00e4sten geschm\u00fcckten Gassen. Hier sehen wir auch die so typischen Cordobeser Patios. Im Zentrum der Juderia liegt die <b><i>Synagoge<\/i><\/b>, der j\u00fcdische Tempel, der uns daran erinnert, dass es hier einst in einem Kalifat ein harmonisches Miteinander der unterschiedlichen Kulturen und Glaubensrichtungen gab. Als n\u00e4chsten Punkt erreichen wir den <b><i>Zoco<\/i><\/b> oder Souk, einen traditionellen Handwerker- und Keramik-Markt.<\/p>\n<p>Abschliessend besuchen wir die <b><i>Mezquita de C\u00f3rdoba<\/i><\/b>, ein faszinierendes Bauwerk, das ebenfalls in der Kalifat-\u00c4ra entstand. Weltweit ber\u00fchmt f\u00fcr seine vielf\u00e4ltigen Licht- und Farbspiele verbl\u00fcfft die Mezquita beispielsweise mit einem \u201eWald\u201c aus mehr als 1.000 S\u00e4ulen. Dieser imposante Bau wurde auch von den Christen bewundert, die allerdings sp\u00e4ter ihre eigene Kathedrale in die Mezquita hineinbauten.<\/p>\n<\/div>\n<div id=\"fotosx4\"><a href=\"\/wp-content\/themes\/EINerja\/ficha\/excursion\/cordoba-1.jpg\" data-imagelightbox=\"b\" rel=\"prettyPhoto[gallery-WZdV]\"><img decoding=\"async\" src=\"\/wp-content\/themes\/EINerja\/ficha\/excursion\/cordoba-1-small.jpg\" \/><\/a><a href=\"\/wp-content\/themes\/EINerja\/ficha\/excursion\/cordoba-2.jpg\" data-imagelightbox=\"b\" rel=\"prettyPhoto[gallery-WZdV]\"><img decoding=\"async\" src=\"\/wp-content\/themes\/EINerja\/ficha\/excursion\/cordoba-2-small.jpg\" \/><\/a><br \/>\n<a href=\"\/wp-content\/themes\/EINerja\/ficha\/excursion\/cordoba-3.jpg\" data-imagelightbox=\"b\" rel=\"prettyPhoto[gallery-WZdV]\"><img decoding=\"async\" src=\"\/wp-content\/themes\/EINerja\/ficha\/excursion\/cordoba-3-small.jpg\" \/><\/a><br \/>\n<a href=\"\/wp-content\/themes\/EINerja\/ficha\/excursion\/cordoba-4.jpg\" data-imagelightbox=\"b\" rel=\"prettyPhoto[gallery-WZdV]\"><img decoding=\"async\" src=\"\/wp-content\/themes\/EINerja\/ficha\/excursion\/cordoba-4-small.jpg\" \/><\/a><\/div>\n<\/div>\n","protected":false},"excerpt":{"rendered":"<p>Erste Station unserer Exkursion wird der Plaza de la Corredera sein, der gr\u00f6\u00dfte Platz Cordobas. Weiter geht es zum Romanischen Tempel, Dann gehen wir gehen durch die Juder\u00eda, das j\u00fcdische&hellip;<\/p>","protected":false},"author":34,"featured_media":0,"parent":7045,"menu_order":12,"comment_status":"open","ping_status":"closed","template":"page-sidebar.php","meta":{"_monsterinsights_skip_tracking":false,"_monsterinsights_sitenote_active":false,"_monsterinsights_sitenote_note":"","_monsterinsights_sitenote_category":0,"footnotes":""},"class_list":["post-7089","page","type-page","status-publish"],"_links":{"self":[{"href":"https:\/\/www.idnerja.com\/de\/wp-json\/wp\/v2\/pages\/7089","targetHints":{"allow":["GET"]}}],"collection":[{"href":"https:\/\/www.idnerja.com\/de\/wp-json\/wp\/v2\/pages"}],"about":[{"href":"https:\/\/www.idnerja.com\/de\/wp-json\/wp\/v2\/types\/page"}],"author":[{"embeddable":true,"href":"https:\/\/www.idnerja.com\/de\/wp-json\/wp\/v2\/users\/34"}],"replies":[{"embeddable":true,"href":"https:\/\/www.idnerja.com\/de\/wp-json\/wp\/v2\/comments?post=7089"}],"version-history":[{"count":0,"href":"https:\/\/www.idnerja.com\/de\/wp-json\/wp\/v2\/pages\/7089\/revisions"}],"up":[{"embeddable":true,"href":"https:\/\/www.idnerja.com\/de\/wp-json\/wp\/v2\/pages\/7045"}],"wp:attachment":[{"href":"https:\/\/www.idnerja.com\/de\/wp-json\/wp\/v2\/media?parent=7089"}],"curies":[{"name":"wp","href":"https:\/\/api.w.org\/{rel}","templated":true}]}}