



{"id":7110,"date":"2015-12-16T11:20:30","date_gmt":"2015-12-16T10:20:30","guid":{"rendered":"https:\/\/www.idnerja.com\/?page_id=7110"},"modified":"2026-01-26T15:37:57","modified_gmt":"2026-01-26T14:37:57","slug":"appartement-florida","status":"publish","type":"page","link":"https:\/\/www.idnerja.com\/de\/unterkunft-nerja\/appartements\/appartement-florida\/","title":{"rendered":"Appartement &#8222;Florida&#8220;"},"content":{"rendered":"[vc_row type=&#8220;in_container&#8220; full_screen_row_position=&#8220;middle&#8220; column_margin=&#8220;default&#8220; column_direction=&#8220;default&#8220; column_direction_tablet=&#8220;default&#8220; column_direction_phone=&#8220;default&#8220; scene_position=&#8220;center&#8220; text_color=&#8220;dark&#8220; text_align=&#8220;left&#8220; row_border_radius=&#8220;none&#8220; row_border_radius_applies=&#8220;bg&#8220; overlay_strength=&#8220;0.3&#8243; gradient_direction=&#8220;left_to_right&#8220; shape_divider_position=&#8220;bottom&#8220; bg_image_animation=&#8220;none&#8220;][vc_column column_padding=&#8220;no-extra-padding&#8220; column_padding_tablet=&#8220;inherit&#8220; column_padding_phone=&#8220;inherit&#8220; column_padding_position=&#8220;all&#8220; column_element_spacing=&#8220;default&#8220; background_color_opacity=&#8220;1&#8243; background_hover_color_opacity=&#8220;1&#8243; column_shadow=&#8220;none&#8220; column_border_radius=&#8220;none&#8220; column_link_target=&#8220;_self&#8220; gradient_direction=&#8220;left_to_right&#8220; overlay_strength=&#8220;0.3&#8243; width=&#8220;1\/1&#8243; tablet_width_inherit=&#8220;default&#8220; tablet_text_alignment=&#8220;default&#8220; phone_text_alignment=&#8220;default&#8220; bg_image_animation=&#8220;none&#8220; border_type=&#8220;simple&#8220; column_border_width=&#8220;none&#8220; column_border_style=&#8220;solid&#8220;][vc_column_text][\/vc_column_text][\/vc_column][\/vc_row][vc_row type=&#8220;in_container&#8220; full_screen_row_position=&#8220;middle&#8220; column_margin=&#8220;default&#8220; column_direction=&#8220;default&#8220; column_direction_tablet=&#8220;default&#8220; column_direction_phone=&#8220;default&#8220; scene_position=&#8220;center&#8220; text_color=&#8220;dark&#8220; text_align=&#8220;left&#8220; row_border_radius=&#8220;none&#8220; row_border_radius_applies=&#8220;bg&#8220; overlay_strength=&#8220;0.3&#8243; gradient_direction=&#8220;left_to_right&#8220; shape_divider_position=&#8220;bottom&#8220; bg_image_animation=&#8220;none&#8220;][vc_column column_padding=&#8220;no-extra-padding&#8220; column_padding_tablet=&#8220;inherit&#8220; column_padding_phone=&#8220;inherit&#8220; column_padding_position=&#8220;all&#8220; column_element_spacing=&#8220;default&#8220; background_color_opacity=&#8220;1&#8243; background_hover_color_opacity=&#8220;1&#8243; column_shadow=&#8220;none&#8220; column_border_radius=&#8220;none&#8220; column_link_target=&#8220;_self&#8220; gradient_direction=&#8220;left_to_right&#8220; overlay_strength=&#8220;0.3&#8243; width=&#8220;1\/1&#8243; tablet_width_inherit=&#8220;default&#8220; tablet_text_alignment=&#8220;default&#8220; phone_text_alignment=&#8220;default&#8220; bg_image_animation=&#8220;none&#8220; border_type=&#8220;simple&#8220; column_border_width=&#8220;none&#8220; column_border_style=&#8220;solid&#8220;][vc_column_text]\n<h2 class=\"photos\">Bilder<\/h2>\n[\/vc_column_text][\/vc_column][\/vc_row][vc_row type=&#8220;in_container&#8220; full_screen_row_position=&#8220;middle&#8220; column_margin=&#8220;default&#8220; column_direction=&#8220;default&#8220; column_direction_tablet=&#8220;default&#8220; column_direction_phone=&#8220;default&#8220; scene_position=&#8220;center&#8220; text_color=&#8220;dark&#8220; text_align=&#8220;left&#8220; row_border_radius=&#8220;none&#8220; row_border_radius_applies=&#8220;bg&#8220; overlay_strength=&#8220;0.3&#8243; gradient_direction=&#8220;left_to_right&#8220; shape_divider_position=&#8220;bottom&#8220; bg_image_animation=&#8220;none&#8220;][vc_column column_padding=&#8220;no-extra-padding&#8220; column_padding_tablet=&#8220;inherit&#8220; column_padding_phone=&#8220;inherit&#8220; column_padding_position=&#8220;all&#8220; column_element_spacing=&#8220;default&#8220; background_color_opacity=&#8220;1&#8243; background_hover_color_opacity=&#8220;1&#8243; column_shadow=&#8220;none&#8220; column_border_radius=&#8220;none&#8220; column_link_target=&#8220;_self&#8220; gradient_direction=&#8220;left_to_right&#8220; overlay_strength=&#8220;0.3&#8243; width=&#8220;1\/2&#8243; tablet_width_inherit=&#8220;default&#8220; tablet_text_alignment=&#8220;default&#8220; phone_text_alignment=&#8220;default&#8220; bg_image_animation=&#8220;none&#8220; border_type=&#8220;simple&#8220; column_border_width=&#8220;none&#8220; column_border_style=&#8220;solid&#8220;][vc_column_text]\n<div class=\"flex-item\"><a href=\"https:\/\/www.idnerja.com\/wp-content\/uploads\/2026\/01\/Apartamento-Florida-EINerja-13.jpg\" data-imagelightbox=\"b\" rel=\"prettyPhoto[gallery-G24Y]\"><img decoding=\"async\" class=\"una\" src=\"https:\/\/www.idnerja.com\/wp-content\/uploads\/2026\/01\/Apartamento-Florida-EINerja-13.jpg\" \/><\/a><a href=\"https:\/\/www.idnerja.com\/wp-content\/uploads\/2026\/01\/Apartamento-Florida-EINerja-14.jpg\" data-imagelightbox=\"b\" rel=\"prettyPhoto[gallery-G24Y]\"><img decoding=\"async\" class=\"una\" src=\"https:\/\/www.idnerja.com\/wp-content\/uploads\/2026\/01\/Apartamento-Florida-EINerja-14.jpg\" \/><\/a><a href=\"https:\/\/www.idnerja.com\/wp-content\/uploads\/2026\/01\/Apartamento-Florida-EINerja-5.jpg\" data-imagelightbox=\"b\" rel=\"prettyPhoto[gallery-G24Y]\"><img decoding=\"async\" class=\"una\" src=\"https:\/\/www.idnerja.com\/wp-content\/uploads\/2026\/01\/Apartamento-Florida-EINerja-5.jpg\" \/><\/a><a href=\"https:\/\/www.idnerja.com\/wp-content\/uploads\/2026\/01\/Apartamento-Florida-EINerja-4.jpg\" data-imagelightbox=\"b\" rel=\"prettyPhoto[gallery-G24Y]\"><img decoding=\"async\" class=\"una\" src=\"https:\/\/www.idnerja.com\/wp-content\/uploads\/2026\/01\/Apartamento-Florida-EINerja-4.jpg\" \/><\/a><a href=\"https:\/\/www.idnerja.com\/wp-content\/uploads\/2026\/01\/Apartamento-Florida-EINerja-8.jpg\" data-imagelightbox=\"b\" rel=\"prettyPhoto[gallery-G24Y]\"><img decoding=\"async\" class=\"una\" src=\"https:\/\/www.idnerja.com\/wp-content\/uploads\/2026\/01\/Apartamento-Florida-EINerja-8.jpg\" \/><\/a><a href=\"https:\/\/www.idnerja.com\/wp-content\/uploads\/2026\/01\/Apartamento-Florida-EINerja-6.jpg\" data-imagelightbox=\"b\" rel=\"prettyPhoto[gallery-G24Y]\"><img decoding=\"async\" class=\"una\" src=\"https:\/\/www.idnerja.com\/wp-content\/uploads\/2026\/01\/Apartamento-Florida-EINerja-6.jpg\" \/><\/a><a href=\"https:\/\/www.idnerja.com\/wp-content\/uploads\/2026\/01\/Apartamento-Florida-EINerja-7.jpg\" data-imagelightbox=\"b\" rel=\"prettyPhoto[gallery-G24Y]\"><img decoding=\"async\" class=\"una\" src=\"https:\/\/www.idnerja.com\/wp-content\/uploads\/2026\/01\/Apartamento-Florida-EINerja-7.jpg\" \/><\/a><a href=\"https:\/\/www.idnerja.com\/wp-content\/uploads\/2026\/01\/Apartamento-Florida-EINerja-1.jpg\" data-imagelightbox=\"b\" rel=\"prettyPhoto[gallery-G24Y]\"><img decoding=\"async\" class=\"una\" src=\"https:\/\/www.idnerja.com\/wp-content\/uploads\/2026\/01\/Apartamento-Florida-EINerja-1.jpg\" \/><\/a><\/div>\n<div class=\"flex-item\">\n<h2 class=\"mapofthearea\">Mapa de la zona<\/h2>\n<div id=\"mapa\"><iframe loading=\"lazy\" style=\"border: 0;\" src=\"https:\/\/www.google.com\/maps\/embed?pb=!1m29!1m12!1m3!1d3196.7809713350334!2d-3.876350951616498!3d36.75182812590058!2m3!1f0!2f0!3f0!3m2!1i1024!2i768!4f13.1!4m14!1i0!3e6!4m5!1s0xd72250e1dab4bd7%3A0x516db4b7076748c5!2sEscuela+de+Idiomas+Nerja+SL%2C+Calle+Almirante+Ferr%C3%A1ndiz%2C+73%2C+29780+Nerja%2C+M%C3%A1laga%2C+Espa%C3%B1a!3m2!1d36.748526999999996!2d-3.8755849999999996!4m5!1s0xd7225045be9c631%3A0xbf17f8d96ca1c935!2zQ2FsbGUgTWFyw61hIGRlIFdhYXJkLCAyOCwgMjk3ODAgTmVyamEsIE3DoWxhZ2EsIEVzcGHDsWE!3m2!1d36.7550622!2d-3.8727956999999997!5e0!3m2!1ses!2ses!4v1428911681626\" width=\"300\" height=\"150\" frameborder=\"0\"><\/iframe><\/div>\n<\/div>\n<div id=\"pdf\"><div class=\"su-button-center\"><a href=\"https:\/\/www.idnerja.com\/wp-content\/uploads\/2024\/10\/nerja-appartement-florida-aleman.pdf\" class=\"su-button su-button-style-flat\" style=\"color:#FFFFFF;background-color:#2D89EF;border-color:#246ec0;border-radius:7px\" target=\"_blank\" rel=\"noopener noreferrer\"><span style=\"color:#FFFFFF;padding:7px 20px;font-size:16px;line-height:24px;border-color:#6cadf4;border-radius:7px;text-shadow:none\"><i class=\"sui sui-file-pdf-o\" style=\"font-size:16px;color:#FFFFFF\"><\/i> Appartement &#8222;Florida&#8220; runterladen<\/span><\/a><\/div><\/div>\n[\/vc_column_text][\/vc_column][vc_column column_padding=&#8220;no-extra-padding&#8220; column_padding_tablet=&#8220;inherit&#8220; column_padding_phone=&#8220;inherit&#8220; column_padding_position=&#8220;all&#8220; column_element_spacing=&#8220;default&#8220; background_color_opacity=&#8220;1&#8243; background_hover_color_opacity=&#8220;1&#8243; column_shadow=&#8220;none&#8220; column_border_radius=&#8220;none&#8220; column_link_target=&#8220;_self&#8220; gradient_direction=&#8220;left_to_right&#8220; overlay_strength=&#8220;0.3&#8243; width=&#8220;1\/2&#8243; tablet_width_inherit=&#8220;default&#8220; tablet_text_alignment=&#8220;default&#8220; phone_text_alignment=&#8220;default&#8220; bg_image_animation=&#8220;none&#8220; border_type=&#8220;simple&#8220; column_border_width=&#8220;none&#8220; column_border_style=&#8220;solid&#8220;][vc_column_text]\n<div id=\"ficha\">\n<h1><\/h1>\n<div class=\"flexible\">\n<div class=\"flex-item bg-fa\">\n<div class=\"texto\">\n<p class=\"descripcion\">Sch\u00f6nes Appartement mit einem fantastischen Meeresblick \u2013 Balkon und Gemeinschaftspool. Es liegt in einer ruhigen Gegend in nur zehn Fussminuten sind Zentrum, Schule oder Strand zu erreichen. Das Appartement verf\u00fcgt \u00fcber Wohnzimmer mit Flachbild-Fernseher sowie zwei Schlafzimmer, K\u00fcche und Bad.<\/p>\n<\/div>\n<div class=\"texto\">\n<h2 class=\"details\">Details<\/h2>\n<ul>\n<li>Gr\u00f6sse: rund. 75 m<sup>2<\/sup>.<\/li>\n<li>K\u00fcche mit Mikrowelle, Kaffee-Maschine.<\/li>\n<li>B\u00fcgeleisen.<\/li>\n<li>Toaster.<\/li>\n<li>Air kondition \/ Heizung<\/li>\n<\/ul>\n<\/div>\n<div class=\"texto\">\n<h2 class=\"more\">Mehr<\/h2>\n<h3>Service<\/h3>\n<p>Bett- und Handtuchwechsel einmal die Woche.<br \/>\nEndreinigung inklusive.<\/p>\n<h3>General<\/h3>\n<p>Grosser Gemeinschaftspool.<br \/>\nMinigolf-Platz.<\/p>\n<h3>Internet<\/h3>\n<p>Ja.<\/p>\n<h3>Exterior<\/h3>\n<p>Langer Balkon mit Meeresblick.<br \/>\nAufzug.<\/p>\n<h3>Parken<\/h3>\n<p>Eigener Parkplatz.<\/p>\n<\/div>\n<div class=\"texto\">\n<h2 class=\"prices\">Preise<\/h2>\n<h3>Mai bis Oktober<\/h3>\n<p><b>\u2022 <\/b>\u00a0<strong>133<\/strong>\u00a0\u20ac \/ Tag.<\/p>\n<h3>November bis April<\/h3>\n<p><b>\u2022 <\/b>\u00a0<strong>98<\/strong> \u20ac \/ Tag.<\/p>\n<\/div>\n<div class=\"texto\">\n<h2 class=\"conditions\">Konditionen<\/h2>\n<h3>Einchecken<\/h3>\n<p>Zwischen 14.00 Uhr und 22.00 Uhr<\/p>\n<h3>Auschecken<\/h3>\n<p>Bis 11 Uhr.<\/p>\n<h3>Extras<\/h3>\n<p>Kinderbett kann auf Wunsch besorgt werden.<\/p>\n<h3>Haustiere<\/h3>\n<p>Nein.<\/p>\n<\/div>\n<\/div>\n<\/div>\n<\/div>\n[\/vc_column_text][\/vc_column][\/vc_row]\n","protected":false},"excerpt":{"rendered":"<p>Bilder Mapa de la zona Appartement \"Florida\" runterladen Sch\u00f6nes Appartement mit einem fantastischen Meeresblick \u2013 Balkon und Gemeinschaftspool. Es liegt in einer ruhigen Gegend in nur zehn Fussminuten sind Zentrum,&hellip;<\/p>","protected":false},"author":34,"featured_media":0,"parent":7101,"menu_order":3,"comment_status":"open","ping_status":"closed","template":"page-sidebar.php","meta":{"_monsterinsights_skip_tracking":false,"_monsterinsights_sitenote_active":false,"_monsterinsights_sitenote_note":"","_monsterinsights_sitenote_category":0,"footnotes":""},"class_list":["post-7110","page","type-page","status-publish"],"_links":{"self":[{"href":"https:\/\/www.idnerja.com\/de\/wp-json\/wp\/v2\/pages\/7110","targetHints":{"allow":["GET"]}}],"collection":[{"href":"https:\/\/www.idnerja.com\/de\/wp-json\/wp\/v2\/pages"}],"about":[{"href":"https:\/\/www.idnerja.com\/de\/wp-json\/wp\/v2\/types\/page"}],"author":[{"embeddable":true,"href":"https:\/\/www.idnerja.com\/de\/wp-json\/wp\/v2\/users\/34"}],"replies":[{"embeddable":true,"href":"https:\/\/www.idnerja.com\/de\/wp-json\/wp\/v2\/comments?post=7110"}],"version-history":[{"count":21,"href":"https:\/\/www.idnerja.com\/de\/wp-json\/wp\/v2\/pages\/7110\/revisions"}],"predecessor-version":[{"id":184537,"href":"https:\/\/www.idnerja.com\/de\/wp-json\/wp\/v2\/pages\/7110\/revisions\/184537"}],"up":[{"embeddable":true,"href":"https:\/\/www.idnerja.com\/de\/wp-json\/wp\/v2\/pages\/7101"}],"wp:attachment":[{"href":"https:\/\/www.idnerja.com\/de\/wp-json\/wp\/v2\/media?parent=7110"}],"curies":[{"name":"wp","href":"https:\/\/api.w.org\/{rel}","templated":true}]}}