



{"id":7161,"date":"2015-12-16T12:25:12","date_gmt":"2015-12-16T11:25:12","guid":{"rendered":"https:\/\/www.idnerja.com\/?page_id=7161"},"modified":"2019-09-11T10:39:07","modified_gmt":"2019-09-11T08:39:07","slug":"programm","status":"publish","type":"page","link":"https:\/\/www.idnerja.com\/de\/spanischkurs-spanien\/programm\/","title":{"rendered":"Programm"},"content":{"rendered":"[vc_row type=&#8220;in_container&#8220; full_screen_row_position=&#8220;middle&#8220; scene_position=&#8220;center&#8220; text_color=&#8220;dark&#8220; text_align=&#8220;left&#8220; top_padding=&#8220;4%&#8220; overlay_strength=&#8220;0.3&#8243; shape_divider_position=&#8220;bottom&#8220; bg_image_animation=&#8220;none&#8220; shape_type=&#8220;&#8220;][vc_column column_padding=&#8220;no-extra-padding&#8220; column_padding_position=&#8220;all&#8220; background_color_opacity=&#8220;1&#8243; background_hover_color_opacity=&#8220;1&#8243; column_link_target=&#8220;_self&#8220; column_shadow=&#8220;none&#8220; column_border_radius=&#8220;none&#8220; width=&#8220;1\/1&#8243; tablet_width_inherit=&#8220;default&#8220; tablet_text_alignment=&#8220;default&#8220; phone_text_alignment=&#8220;default&#8220; column_border_width=&#8220;none&#8220; column_border_style=&#8220;solid&#8220; bg_image_animation=&#8220;none&#8220;][vc_column_text]\n<div id=\"ficha-ein\">\n<div class=\"set-descripcion\">\n<h2>Lehrpl\u00e4ne und Methodik<\/h2>\n<p>Die Lehrpl\u00e4ne der <strong>Intensivkurse<\/strong> (20 Lektionen pro Woche in Gruppen mit maximal 10 Sch\u00fclern) und <strong>Superintensivkurse<\/strong> (30 Lektionen pro Woche in Gruppen) sind in sechs Lernstufen eingeteilt, wie es der <strong>Gemeinsame Europ\u00e4ische Referenzrahmen f\u00fcr Sprachen vorgibt: A1, A2, B1, B2, C1 und C2<\/strong>. Die jeweiligen Termine des Kursbeginns m\u00fcssen erfragt werden, wenn die Stufe des Sch\u00fclers A1 ist. Mit Vorkenntnissen k\u00f6nnen Sie jeden Montag des Jahres beginnen. Die Kurse k\u00f6nnen eine Dauer von 1 bis 32 Wochen haben, je nach dem Bedarf jedes einzelnen Sch\u00fclers. Die Unterrichtszeiten f\u00fcr den Intensivkurs k\u00f6nnen vormitt\u00e4glich oder nachmitt\u00e4glich sein, je nach dem von der Schule festgelegten Stundenplan. Die Superintensivkurse sind immer vormittags.<\/p>\n<p>Was die <strong>Methodik<\/strong> anbetrifft, folgen die Schule und die verwendeten Lehrb\u00fccher dem <strong>&#8222;Aufgabenorientierten Ansatz\u201c<\/strong>. \u00dcber die Kommunikative Methode hinaus <strong>ist unsere Zielsetzung die &#8222;pr\u00e4zise und reale\u201c Lehre der spanischen Sprache<\/strong>. Die Unterrichtsstunden werden ausschlie\u00dflich auf Spanisch erteilt. Die Bewertung erfolgt auf kontinuierliche Weise und bei Abschluss einer Stufe alle zwei Wochen findet eine \u201eTeilpr\u00fcfung\u201c statt. Der Sch\u00fcler profitiert von einer <strong>pers\u00f6nlichen Betreuung und Beobachtung<\/strong> seiner Fortschritte seitens der Lehrer und der Studienleitung. Nach Abschluss des Kurses erh\u00e4lt jeder Sch\u00fcler ein Zertifikat privaten Charakters.<\/p>\n<\/div>\n<\/div>\n[\/vc_column_text][\/vc_column][\/vc_row]\n","protected":false},"excerpt":{"rendered":"<p>Lehrpl\u00e4ne und Methodik Die Lehrpl\u00e4ne der Intensivkurse (20 Lektionen pro Woche in Gruppen mit maximal 10 Sch\u00fclern) und Superintensivkurse (30 Lektionen pro Woche in Gruppen) sind in sechs Lernstufen eingeteilt,&hellip;<\/p>","protected":false},"author":34,"featured_media":0,"parent":7010,"menu_order":12,"comment_status":"closed","ping_status":"closed","template":"","meta":{"_monsterinsights_skip_tracking":false,"_monsterinsights_sitenote_active":false,"_monsterinsights_sitenote_note":"","_monsterinsights_sitenote_category":0,"footnotes":""},"class_list":["post-7161","page","type-page","status-publish"],"_links":{"self":[{"href":"https:\/\/www.idnerja.com\/de\/wp-json\/wp\/v2\/pages\/7161","targetHints":{"allow":["GET"]}}],"collection":[{"href":"https:\/\/www.idnerja.com\/de\/wp-json\/wp\/v2\/pages"}],"about":[{"href":"https:\/\/www.idnerja.com\/de\/wp-json\/wp\/v2\/types\/page"}],"author":[{"embeddable":true,"href":"https:\/\/www.idnerja.com\/de\/wp-json\/wp\/v2\/users\/34"}],"replies":[{"embeddable":true,"href":"https:\/\/www.idnerja.com\/de\/wp-json\/wp\/v2\/comments?post=7161"}],"version-history":[{"count":1,"href":"https:\/\/www.idnerja.com\/de\/wp-json\/wp\/v2\/pages\/7161\/revisions"}],"predecessor-version":[{"id":165314,"href":"https:\/\/www.idnerja.com\/de\/wp-json\/wp\/v2\/pages\/7161\/revisions\/165314"}],"up":[{"embeddable":true,"href":"https:\/\/www.idnerja.com\/de\/wp-json\/wp\/v2\/pages\/7010"}],"wp:attachment":[{"href":"https:\/\/www.idnerja.com\/de\/wp-json\/wp\/v2\/media?parent=7161"}],"curies":[{"name":"wp","href":"https:\/\/api.w.org\/{rel}","templated":true}]}}