



{"id":12365,"date":"2016-06-10T11:50:43","date_gmt":"2016-06-10T09:50:43","guid":{"rendered":"https:\/\/www.idnerja.com\/?page_id=12365"},"modified":"2017-08-02T13:07:33","modified_gmt":"2017-08-02T11:07:33","slug":"los-cahorros-del-rio-chillar","status":"publish","type":"page","link":"https:\/\/www.idnerja.com\/es\/actividades\/los-cahorros-del-rio-chillar\/","title":{"rendered":"Los Cahorros del r\u00edo Chillar"},"content":{"rendered":"[vc_row type=\u00bbin_container\u00bb full_screen_row_position=\u00bbmiddle\u00bb scene_position=\u00bbcenter\u00bb text_color=\u00bbdark\u00bb text_align=\u00bbleft\u00bb overlay_strength=\u00bb0.3&#8243;][vc_column column_padding=\u00bbno-extra-padding\u00bb column_padding_position=\u00bball\u00bb background_color_opacity=\u00bb1&#8243; background_hover_color_opacity=\u00bb1&#8243; column_shadow=\u00bbnone\u00bb width=\u00bb1\/1&#8243; tablet_text_alignment=\u00bbdefault\u00bb phone_text_alignment=\u00bbdefault\u00bb column_border_width=\u00bbnone\u00bb column_border_style=\u00bbsolid\u00bb][vc_column_text]\n<div id=\"ficha-ein\">\n<div class=\"set-descripcion\">\n<p>La excursi\u00f3n a los <b>Cahorros del r\u00edo Ch\u00edllar<\/b> es la ruta de senderismo predilecta del municipio de Nerja. Se trata de una visita al desfiladero y las diferentes formaciones geol\u00f3gicas que existen en el r\u00edo Ch\u00edllar, situado en pleno <b>Parque Natural de las Sierras de Tejeda, Almijara y Alhama<\/b>. Los Cahorros son visitados normalmente en verano, cuando la temperatura es m\u00e1s alta, porque es habitual ba\u00f1arse en sus aguas cristalinas.<\/p>\n<p>Hablamos de una ruta de ida y vuelta por el cauce del r\u00edo, de escasa dificultad, aunque siempre se recomienda estar en buena forma f\u00edsica y llevar el calzado cerrado adecuado, de fuerte sujeci\u00f3n al pie. Estudiantes y profesores recorrer\u00e1n en total 15 kil\u00f3metros, a lo largo de los cuales podr\u00e1n disfrutar de las maravillosas vistas que ofrece la naturaleza y el paisaje de Nerja. La duraci\u00f3n habitual del trayecto es de ocho horas, y los estudiantes pueden comer y ba\u00f1arse cuando ellos desean.<\/p>\n<\/div>\n<div id=\"fotosx4\"><a href=\"\/wp-content\/themes\/EINerja\/ficha\/actividades\/cahorros-1.jpg\" data-imagelightbox=\"b\" rel=\"prettyPhoto[gallery-mKLM]\"><img decoding=\"async\" src=\"\/wp-content\/themes\/EINerja\/ficha\/actividades\/cahorros-1-small.jpg\" \/><\/a><a href=\"\/wp-content\/themes\/EINerja\/ficha\/actividades\/cahorros-2.jpg\" data-imagelightbox=\"b\" rel=\"prettyPhoto[gallery-mKLM]\"><img decoding=\"async\" src=\"\/wp-content\/themes\/EINerja\/ficha\/actividades\/cahorros-2-small.jpg\" \/><\/a><br \/>\n<a href=\"\/wp-content\/themes\/EINerja\/ficha\/actividades\/cahorros-3.jpg\" data-imagelightbox=\"b\" rel=\"prettyPhoto[gallery-mKLM]\"><img decoding=\"async\" src=\"\/wp-content\/themes\/EINerja\/ficha\/actividades\/cahorros-3-small.jpg\" \/><\/a><br \/>\n<a href=\"\/wp-content\/themes\/EINerja\/ficha\/actividades\/cahorros-4.jpg\" data-imagelightbox=\"b\" rel=\"prettyPhoto[gallery-mKLM]\"><img decoding=\"async\" src=\"\/wp-content\/themes\/EINerja\/ficha\/actividades\/cahorros-4-small.jpg\" \/><\/a><\/div>\n<\/div>\n[\/vc_column_text][\/vc_column][\/vc_row]\n","protected":false},"excerpt":{"rendered":"<p>La excursi\u00f3n a los Cahorros del r\u00edo Ch\u00edllar es la ruta de senderismo predilecta del municipio de Nerja. Se trata de una visita al desfiladero y las diferentes formaciones geol\u00f3gicas&hellip;<\/p>","protected":false},"author":34,"featured_media":0,"parent":144,"menu_order":10,"comment_status":"closed","ping_status":"closed","template":"page-sidebar.php","meta":{"_monsterinsights_skip_tracking":false,"_monsterinsights_sitenote_active":false,"_monsterinsights_sitenote_note":"","_monsterinsights_sitenote_category":0,"footnotes":""},"class_list":["post-12365","page","type-page","status-publish"],"_links":{"self":[{"href":"https:\/\/www.idnerja.com\/es\/wp-json\/wp\/v2\/pages\/12365","targetHints":{"allow":["GET"]}}],"collection":[{"href":"https:\/\/www.idnerja.com\/es\/wp-json\/wp\/v2\/pages"}],"about":[{"href":"https:\/\/www.idnerja.com\/es\/wp-json\/wp\/v2\/types\/page"}],"author":[{"embeddable":true,"href":"https:\/\/www.idnerja.com\/es\/wp-json\/wp\/v2\/users\/34"}],"replies":[{"embeddable":true,"href":"https:\/\/www.idnerja.com\/es\/wp-json\/wp\/v2\/comments?post=12365"}],"version-history":[{"count":0,"href":"https:\/\/www.idnerja.com\/es\/wp-json\/wp\/v2\/pages\/12365\/revisions"}],"up":[{"embeddable":true,"href":"https:\/\/www.idnerja.com\/es\/wp-json\/wp\/v2\/pages\/144"}],"wp:attachment":[{"href":"https:\/\/www.idnerja.com\/es\/wp-json\/wp\/v2\/media?parent=12365"}],"curies":[{"name":"wp","href":"https:\/\/api.w.org\/{rel}","templated":true}]}}