



{"id":180,"date":"2014-11-20T10:47:25","date_gmt":"2014-11-20T09:47:25","guid":{"rendered":"https:\/\/www.idnerja.com\/?page_id=180"},"modified":"2019-09-11T10:38:40","modified_gmt":"2019-09-11T08:38:40","slug":"programa","status":"publish","type":"page","link":"https:\/\/www.idnerja.com\/es\/cursos-de-espanol\/programa\/","title":{"rendered":"Programa"},"content":{"rendered":"[vc_row type=\u00bbin_container\u00bb full_screen_row_position=\u00bbmiddle\u00bb scene_position=\u00bbcenter\u00bb text_color=\u00bbdark\u00bb text_align=\u00bbleft\u00bb top_padding=\u00bb4%\u00bb overlay_strength=\u00bb0.3&#8243; shape_divider_position=\u00bbbottom\u00bb bg_image_animation=\u00bbnone\u00bb shape_type=\u00bb\u00bb][vc_column column_padding=\u00bbno-extra-padding\u00bb column_padding_position=\u00bball\u00bb background_color_opacity=\u00bb1&#8243; background_hover_color_opacity=\u00bb1&#8243; column_link_target=\u00bb_self\u00bb column_shadow=\u00bbnone\u00bb column_border_radius=\u00bbnone\u00bb width=\u00bb1\/1&#8243; tablet_width_inherit=\u00bbdefault\u00bb tablet_text_alignment=\u00bbdefault\u00bb phone_text_alignment=\u00bbdefault\u00bb column_border_width=\u00bbnone\u00bb column_border_style=\u00bbsolid\u00bb bg_image_animation=\u00bbnone\u00bb][vc_column_text]\n<div id=\"ficha-ein\">\n<h2>Estudios y Metodolog\u00eda<\/h2>\n<div class=\"set-descripcion\">\n<p>Los programas de estudios de los\u00a0<strong>Cursos Intensivos<\/strong>\u00a0(20 lecciones por semana en grupos de m\u00e1ximo 10 estudiantes) y Superintensivos (30 lecciones por semana en grupos de m\u00e1ximo 6 estudiantes) est\u00e1n estructurados en seis niveles de aprendizaje tal y como propone el\u00a0<strong>Marco com\u00fan europeo de referencia para las lenguas: A1, A2, B1, B2, C1 y C2.<\/strong>\u00a0Deben consultarse las fechas espec\u00edficas para comenzar el curso si el nivel del estudiante es A1. Si ya tiene conocimiento del espa\u00f1ol, puede comenzar cada lunes del a\u00f1o. Los cursos pueden tener una duraci\u00f3n de 1 a 32 semanas, seg\u00fan las necesidades de cada estudiante. El horario de clases para los Cursos Intensivos puede ser por la ma\u00f1ana o por la tarde, de acuerdo al horario que establezca la Escuela. Los Cursos Superintensivos siempre tienen horario de ma\u00f1ana.<\/p>\n<p>En cuanto a la\u00a0<strong>metodolog\u00eda<\/strong>, la Escuela y los manuales que se usan siguen el\u00a0<strong>\u201cEnfoque por tareas\u201d<\/strong>. M\u00e1s all\u00e1 del M\u00e9todo Comunicativo,\u00a0<strong>nuestro objetivo es la \u201cense\u00f1anza significativa y real\u201d del idioma espa\u00f1ol<\/strong>. Las clases se imparten exclusivamente en espa\u00f1ol. La evaluaci\u00f3n se realiza de forma continua y al completar un nivel cada dos semanas, hay un examen \u201cparcial\u201d. El estudiante cuenta con el\u00a0<strong>seguimiento personalizado<\/strong>\u00a0de su progreso por parte de sus profesores y de la Direcci\u00f3n de Estudios. Al finalizar el curso, cada estudiante recibe un\u00a0<strong>certificado<\/strong>\u00a0de car\u00e1cter privado.<\/p>\n<\/div>\n<\/div>\n[\/vc_column_text][\/vc_column][\/vc_row]\n","protected":false},"excerpt":{"rendered":"<p>Estudios y Metodolog\u00eda Los programas de estudios de los\u00a0Cursos Intensivos\u00a0(20 lecciones por semana en grupos de m\u00e1ximo 10 estudiantes) y Superintensivos (30 lecciones por semana en grupos de m\u00e1ximo 6&hellip;<\/p>","protected":false},"author":34,"featured_media":0,"parent":47,"menu_order":12,"comment_status":"closed","ping_status":"closed","template":"","meta":{"_monsterinsights_skip_tracking":false,"_monsterinsights_sitenote_active":false,"_monsterinsights_sitenote_note":"","_monsterinsights_sitenote_category":0,"footnotes":""},"class_list":["post-180","page","type-page","status-publish"],"_links":{"self":[{"href":"https:\/\/www.idnerja.com\/es\/wp-json\/wp\/v2\/pages\/180","targetHints":{"allow":["GET"]}}],"collection":[{"href":"https:\/\/www.idnerja.com\/es\/wp-json\/wp\/v2\/pages"}],"about":[{"href":"https:\/\/www.idnerja.com\/es\/wp-json\/wp\/v2\/types\/page"}],"author":[{"embeddable":true,"href":"https:\/\/www.idnerja.com\/es\/wp-json\/wp\/v2\/users\/34"}],"replies":[{"embeddable":true,"href":"https:\/\/www.idnerja.com\/es\/wp-json\/wp\/v2\/comments?post=180"}],"version-history":[{"count":1,"href":"https:\/\/www.idnerja.com\/es\/wp-json\/wp\/v2\/pages\/180\/revisions"}],"predecessor-version":[{"id":165313,"href":"https:\/\/www.idnerja.com\/es\/wp-json\/wp\/v2\/pages\/180\/revisions\/165313"}],"up":[{"embeddable":true,"href":"https:\/\/www.idnerja.com\/es\/wp-json\/wp\/v2\/pages\/47"}],"wp:attachment":[{"href":"https:\/\/www.idnerja.com\/es\/wp-json\/wp\/v2\/media?parent=180"}],"curies":[{"name":"wp","href":"https:\/\/api.w.org\/{rel}","templated":true}]}}