



{"id":182485,"date":"2025-07-23T13:37:40","date_gmt":"2025-07-23T11:37:40","guid":{"rendered":"https:\/\/www.idnerja.com\/?page_id=182485"},"modified":"2025-07-23T14:08:00","modified_gmt":"2025-07-23T12:08:00","slug":"tarde-de-tertulia","status":"publish","type":"page","link":"https:\/\/www.idnerja.com\/es\/actividades\/tarde-de-tertulia\/","title":{"rendered":"Tarde de tertulia"},"content":{"rendered":"[vc_row type=\u00bbin_container\u00bb full_screen_row_position=\u00bbmiddle\u00bb column_margin=\u00bbdefault\u00bb column_direction=\u00bbdefault\u00bb column_direction_tablet=\u00bbdefault\u00bb column_direction_phone=\u00bbdefault\u00bb scene_position=\u00bbcenter\u00bb text_color=\u00bbdark\u00bb text_align=\u00bbleft\u00bb row_border_radius=\u00bbnone\u00bb row_border_radius_applies=\u00bbbg\u00bb overlay_strength=\u00bb0.3&#8243; gradient_direction=\u00bbleft_to_right\u00bb shape_divider_position=\u00bbbottom\u00bb bg_image_animation=\u00bbnone\u00bb][vc_column column_padding=\u00bbno-extra-padding\u00bb column_padding_tablet=\u00bbinherit\u00bb column_padding_phone=\u00bbinherit\u00bb column_padding_position=\u00bball\u00bb column_element_spacing=\u00bbdefault\u00bb background_color_opacity=\u00bb1&#8243; background_hover_color_opacity=\u00bb1&#8243; column_shadow=\u00bbnone\u00bb column_border_radius=\u00bbnone\u00bb column_link_target=\u00bb_self\u00bb gradient_direction=\u00bbleft_to_right\u00bb overlay_strength=\u00bb0.3&#8243; width=\u00bb1\/1&#8243; tablet_width_inherit=\u00bbdefault\u00bb tablet_text_alignment=\u00bbdefault\u00bb phone_text_alignment=\u00bbdefault\u00bb bg_image_animation=\u00bbnone\u00bb border_type=\u00bbsimple\u00bb column_border_width=\u00bbnone\u00bb column_border_style=\u00bbsolid\u00bb][vc_column_text]\n<div id=\"ficha-ein\">\n<div class=\"set-descripcion\">\n<p>En esta actividad, nos reunimos en una acogedora teter\u00eda de estilo \u00e1rabe en el centro de Nerja para disfrutar de una tarde relajada al m\u00e1s puro estilo de las tertulias tradicionales. Tomamos t\u00e9 o caf\u00e9 marroqu\u00ed, acompa\u00f1ados de deliciosos postres \u00e1rabes.Es un momento perfecto para charlar en espa\u00f1ol, compartir experiencias, practicar el idioma en un entorno informal y conocer mejor a compa\u00f1eros y profesores. Todo en un ambiente c\u00e1lido, tranquilo y lleno de encanto que invita a la conversaci\u00f3n.<\/p>\n<\/div>\n<div id=\"fotosx4\"><a href=\"https:\/\/www.idnerja.com\/wp-content\/uploads\/2025\/07\/tarde-de-tertulia-1.jpg\" data-imagelightbox=\"b\" rel=\"prettyPhoto[gallery-Uori]\"><img decoding=\"async\" src=\"https:\/\/www.idnerja.com\/wp-content\/uploads\/2025\/07\/tarde-de-tertulia-1.jpg\" \/><\/a><a href=\"https:\/\/www.idnerja.com\/wp-content\/uploads\/2025\/07\/tarde-de-tertulia-2.jpg\" data-imagelightbox=\"b\" rel=\"prettyPhoto[gallery-Uori]\"><img decoding=\"async\" src=\"https:\/\/www.idnerja.com\/wp-content\/uploads\/2025\/07\/tarde-de-tertulia-2.jpg\" \/><\/a><br \/>\n<a href=\"https:\/\/www.idnerja.com\/wp-content\/uploads\/2025\/07\/tarde-de-tertulia-3.jpg\" data-imagelightbox=\"b\" rel=\"prettyPhoto[gallery-Uori]\"><img decoding=\"async\" class=\"alignnone\" src=\"https:\/\/www.idnerja.com\/wp-content\/uploads\/2025\/07\/tarde-de-tertulia-3.jpg\" alt=\"Cuevas de Nerja\" \/><\/a><br \/>\n<a href=\"https:\/\/www.idnerja.com\/wp-content\/uploads\/2025\/07\/tarde-de-tertulia-4.jpg\" data-imagelightbox=\"b\" rel=\"prettyPhoto[gallery-Uori]\"><img decoding=\"async\" src=\"https:\/\/www.idnerja.com\/wp-content\/uploads\/2025\/07\/tarde-de-tertulia-4.jpg\" \/><\/a><\/div>\n<\/div>\n[\/vc_column_text][\/vc_column][\/vc_row]\n","protected":false},"excerpt":{"rendered":"<p>En esta actividad, nos reunimos en una acogedora teter\u00eda de estilo \u00e1rabe en el centro de Nerja para disfrutar de una tarde relajada al m\u00e1s puro estilo de las tertulias&hellip;<\/p>","protected":false},"author":31,"featured_media":0,"parent":144,"menu_order":0,"comment_status":"closed","ping_status":"closed","template":"page-sidebar.php","meta":{"_monsterinsights_skip_tracking":false,"_monsterinsights_sitenote_active":false,"_monsterinsights_sitenote_note":"","_monsterinsights_sitenote_category":0,"footnotes":""},"class_list":["post-182485","page","type-page","status-publish"],"_links":{"self":[{"href":"https:\/\/www.idnerja.com\/es\/wp-json\/wp\/v2\/pages\/182485","targetHints":{"allow":["GET"]}}],"collection":[{"href":"https:\/\/www.idnerja.com\/es\/wp-json\/wp\/v2\/pages"}],"about":[{"href":"https:\/\/www.idnerja.com\/es\/wp-json\/wp\/v2\/types\/page"}],"author":[{"embeddable":true,"href":"https:\/\/www.idnerja.com\/es\/wp-json\/wp\/v2\/users\/31"}],"replies":[{"embeddable":true,"href":"https:\/\/www.idnerja.com\/es\/wp-json\/wp\/v2\/comments?post=182485"}],"version-history":[{"count":3,"href":"https:\/\/www.idnerja.com\/es\/wp-json\/wp\/v2\/pages\/182485\/revisions"}],"predecessor-version":[{"id":182532,"href":"https:\/\/www.idnerja.com\/es\/wp-json\/wp\/v2\/pages\/182485\/revisions\/182532"}],"up":[{"embeddable":true,"href":"https:\/\/www.idnerja.com\/es\/wp-json\/wp\/v2\/pages\/144"}],"wp:attachment":[{"href":"https:\/\/www.idnerja.com\/es\/wp-json\/wp\/v2\/media?parent=182485"}],"curies":[{"name":"wp","href":"https:\/\/api.w.org\/{rel}","templated":true}]}}