



{"id":182663,"date":"2025-07-23T16:12:12","date_gmt":"2025-07-23T14:12:12","guid":{"rendered":"https:\/\/www.idnerja.com\/?page_id=182663"},"modified":"2025-07-23T16:19:59","modified_gmt":"2025-07-23T14:19:59","slug":"aperitivo-y-conversacion","status":"publish","type":"page","link":"https:\/\/www.idnerja.com\/es\/actividades\/aperitivo-y-conversacion\/","title":{"rendered":"Aperitivo y conversaci\u00f3n"},"content":{"rendered":"[vc_row type=\u00bbin_container\u00bb full_screen_row_position=\u00bbmiddle\u00bb column_margin=\u00bbdefault\u00bb column_direction=\u00bbdefault\u00bb column_direction_tablet=\u00bbdefault\u00bb column_direction_phone=\u00bbdefault\u00bb scene_position=\u00bbcenter\u00bb text_color=\u00bbdark\u00bb text_align=\u00bbleft\u00bb row_border_radius=\u00bbnone\u00bb row_border_radius_applies=\u00bbbg\u00bb overlay_strength=\u00bb0.3&#8243; gradient_direction=\u00bbleft_to_right\u00bb shape_divider_position=\u00bbbottom\u00bb bg_image_animation=\u00bbnone\u00bb][vc_column column_padding=\u00bbno-extra-padding\u00bb column_padding_tablet=\u00bbinherit\u00bb column_padding_phone=\u00bbinherit\u00bb column_padding_position=\u00bball\u00bb column_element_spacing=\u00bbdefault\u00bb background_color_opacity=\u00bb1&#8243; background_hover_color_opacity=\u00bb1&#8243; column_shadow=\u00bbnone\u00bb column_border_radius=\u00bbnone\u00bb column_link_target=\u00bb_self\u00bb gradient_direction=\u00bbleft_to_right\u00bb overlay_strength=\u00bb0.3&#8243; width=\u00bb1\/1&#8243; tablet_width_inherit=\u00bbdefault\u00bb tablet_text_alignment=\u00bbdefault\u00bb phone_text_alignment=\u00bbdefault\u00bb bg_image_animation=\u00bbnone\u00bb border_type=\u00bbsimple\u00bb column_border_width=\u00bbnone\u00bb column_border_style=\u00bbsolid\u00bb][vc_column_text]\n<div id=\"ficha-ein\">\n<div class=\"set-descripcion\">\n<p>Entre risas, tapas y buen ambiente, vamos a practicar el idioma de forma natural, en un ambiente relajado y aut\u00e9ntico, como hacen los locales. Nos reunimos al mediod\u00eda en un bar de tapas t\u00edpico para disfrutar de una bebida acompa\u00f1ada de una conversaci\u00f3n distendida en espa\u00f1ol.<\/p>\n<\/div>\n<div id=\"fotosx4\"><a href=\"https:\/\/www.idnerja.com\/wp-content\/uploads\/2025\/07\/aperitivo-y-conversacion-1.jpg\" data-imagelightbox=\"b\" rel=\"prettyPhoto[gallery-6szr]\"><img decoding=\"async\" src=\"https:\/\/www.idnerja.com\/wp-content\/uploads\/2025\/07\/aperitivo-y-conversacion-1.jpg\" \/><\/a><a href=\"https:\/\/www.idnerja.com\/wp-content\/uploads\/2025\/07\/aperitivo-y-conversacion-2.jpg\" data-imagelightbox=\"b\" rel=\"prettyPhoto[gallery-6szr]\"><img decoding=\"async\" src=\"https:\/\/www.idnerja.com\/wp-content\/uploads\/2025\/07\/aperitivo-y-conversacion-2.jpg\" \/><\/a><br \/>\n<a href=\"https:\/\/www.idnerja.com\/wp-content\/uploads\/2025\/07\/aperitivo-y-conversacion-3.jpg\" data-imagelightbox=\"b\" rel=\"prettyPhoto[gallery-6szr]\"><img decoding=\"async\" class=\"alignnone\" src=\"https:\/\/www.idnerja.com\/wp-content\/uploads\/2025\/07\/aperitivo-y-conversacion-3.jpg\" alt=\"Cuevas de Nerja\" \/><\/a><br \/>\n<a href=\"https:\/\/www.idnerja.com\/wp-content\/uploads\/2025\/07\/aperitivo-y-conversacion-4.jpg\" data-imagelightbox=\"b\" rel=\"prettyPhoto[gallery-6szr]\"><img decoding=\"async\" src=\"https:\/\/www.idnerja.com\/wp-content\/uploads\/2025\/07\/aperitivo-y-conversacion-4.jpg\" \/><\/a><\/div>\n<\/div>\n[\/vc_column_text][\/vc_column][\/vc_row]\n","protected":false},"excerpt":{"rendered":"<p>Entre risas, tapas y buen ambiente, vamos a practicar el idioma de forma natural, en un ambiente relajado y aut\u00e9ntico, como hacen los locales. Nos reunimos al mediod\u00eda en un&hellip;<\/p>","protected":false},"author":31,"featured_media":0,"parent":144,"menu_order":0,"comment_status":"closed","ping_status":"closed","template":"page-sidebar.php","meta":{"_monsterinsights_skip_tracking":false,"_monsterinsights_sitenote_active":false,"_monsterinsights_sitenote_note":"","_monsterinsights_sitenote_category":0,"footnotes":""},"class_list":["post-182663","page","type-page","status-publish"],"_links":{"self":[{"href":"https:\/\/www.idnerja.com\/es\/wp-json\/wp\/v2\/pages\/182663","targetHints":{"allow":["GET"]}}],"collection":[{"href":"https:\/\/www.idnerja.com\/es\/wp-json\/wp\/v2\/pages"}],"about":[{"href":"https:\/\/www.idnerja.com\/es\/wp-json\/wp\/v2\/types\/page"}],"author":[{"embeddable":true,"href":"https:\/\/www.idnerja.com\/es\/wp-json\/wp\/v2\/users\/31"}],"replies":[{"embeddable":true,"href":"https:\/\/www.idnerja.com\/es\/wp-json\/wp\/v2\/comments?post=182663"}],"version-history":[{"count":2,"href":"https:\/\/www.idnerja.com\/es\/wp-json\/wp\/v2\/pages\/182663\/revisions"}],"predecessor-version":[{"id":182712,"href":"https:\/\/www.idnerja.com\/es\/wp-json\/wp\/v2\/pages\/182663\/revisions\/182712"}],"up":[{"embeddable":true,"href":"https:\/\/www.idnerja.com\/es\/wp-json\/wp\/v2\/pages\/144"}],"wp:attachment":[{"href":"https:\/\/www.idnerja.com\/es\/wp-json\/wp\/v2\/media?parent=182663"}],"curies":[{"name":"wp","href":"https:\/\/api.w.org\/{rel}","templated":true}]}}