



{"id":183865,"date":"2025-11-25T12:03:28","date_gmt":"2025-11-25T11:03:28","guid":{"rendered":"https:\/\/www.idnerja.com\/summer-camp\/"},"modified":"2026-04-15T10:08:36","modified_gmt":"2026-04-15T08:08:36","slug":"campamento-verano-espanol","status":"publish","type":"page","link":"https:\/\/www.idnerja.com\/es\/campamento-verano-espanol\/","title":{"rendered":"Campamento de Verano de Espa\u00f1ol"},"content":{"rendered":"[vc_row type=\u00bbin_container\u00bb full_screen_row_position=\u00bbmiddle\u00bb column_margin=\u00bbdefault\u00bb column_direction=\u00bbdefault\u00bb column_direction_tablet=\u00bbdefault\u00bb column_direction_phone=\u00bbdefault\u00bb scene_position=\u00bbcenter\u00bb top_padding=\u00bb60px\u00bb text_color=\u00bbdark\u00bb text_align=\u00bbleft\u00bb row_border_radius=\u00bbnone\u00bb row_border_radius_applies=\u00bbbg\u00bb overlay_strength=\u00bb0.3&#8243; gradient_direction=\u00bbleft_to_right\u00bb shape_divider_position=\u00bbbottom\u00bb bg_image_animation=\u00bbnone\u00bb shape_type=\u00bb\u00bb][vc_column column_padding=\u00bbno-extra-padding\u00bb column_padding_tablet=\u00bbinherit\u00bb column_padding_phone=\u00bbinherit\u00bb column_padding_position=\u00bball\u00bb column_element_spacing=\u00bbdefault\u00bb background_color_opacity=\u00bb1&#8243; background_hover_color_opacity=\u00bb1&#8243; column_shadow=\u00bbnone\u00bb column_border_radius=\u00bbnone\u00bb column_link_target=\u00bb_self\u00bb gradient_direction=\u00bbleft_to_right\u00bb overlay_strength=\u00bb0.3&#8243; width=\u00bb1\/1&#8243; tablet_width_inherit=\u00bbdefault\u00bb tablet_text_alignment=\u00bbdefault\u00bb phone_text_alignment=\u00bbdefault\u00bb bg_image_animation=\u00bbnone\u00bb border_type=\u00bbsimple\u00bb column_border_width=\u00bbnone\u00bb column_border_style=\u00bbsolid\u00bb][vc_column_text css=\u00bb.vc_custom_1770120486898{margin-bottom: 0px !important;}\u00bb]<strong>\u201cEscuela de Idiomas Nerja\u201d<\/strong> ofrece un <strong>\u201cCampamento de Verano de Espa\u00f1ol\u201d<\/strong> para J\u00f3venes (de 15 a 21 a\u00f1os), un programa incre\u00edble para quienes desean mejorar sus habilidades ling\u00fc\u00edsticas.<\/p>\n<h3 style=\"font-weight: 400;\">\u00a1Vive el mejor verano en Espa\u00f1a!<\/h3>\n<p>Adem\u00e1s de clases de espa\u00f1ol y una gran variedad de actividades, los estudiantes tienen la oportunidad de sumergirse en un entorno internacional mientras aprenden el idioma. Rodeada de playas y monta\u00f1as, Nerja es un pueblo seguro, emocionante y acogedor, perfecto para estudiantes que quieren ganar independencia en el extranjero.[\/vc_column_text][vc_raw_html css=\u00bb.vc_custom_1776240471902{margin-top: 40px !important;border-top-width: 1px !important;border-right-width: 1px !important;border-bottom-width: 1px !important;border-left-width: 1px !important;border-left-color: #8f2580 !important;border-left-style: solid !important;border-right-color: #8f2580 !important;border-right-style: solid !important;border-top-color: #8f2580 !important;border-top-style: solid !important;border-bottom-color: #8f2580 !important;border-bottom-style: solid !important;}\u00bb]JTNDdmlkZW8lMjBzcmMlM0QlMjJodHRwcyUzQSUyRiUyRnd3dy5pZG5lcmphLmNvbSUyRnZpZGVvcyUyRnN1bW1lciUyRnN1bW1lcmNhbXAtMy5tcDQlMjIlMjB3aWR0aCUzRCUyMjEwMCUyNSUyMiUyMGhlaWdodCUzRCUyMjU0MCUyMiUyMGNvbnRyb2xzJTNFJTNDJTJGdmlkZW8lM0U=[\/vc_raw_html][\/vc_column][\/vc_row][vc_row type=\u00bbin_container\u00bb full_screen_row_position=\u00bbmiddle\u00bb column_margin=\u00bbdefault\u00bb column_direction=\u00bbdefault\u00bb column_direction_tablet=\u00bbdefault\u00bb column_direction_phone=\u00bbdefault\u00bb scene_position=\u00bbcenter\u00bb text_color=\u00bbdark\u00bb text_align=\u00bbleft\u00bb row_border_radius=\u00bbnone\u00bb row_border_radius_applies=\u00bbbg\u00bb overlay_strength=\u00bb0.3&#8243; gradient_direction=\u00bbleft_to_right\u00bb shape_divider_position=\u00bbbottom\u00bb bg_image_animation=\u00bbnone\u00bb][vc_column column_padding=\u00bbno-extra-padding\u00bb column_padding_tablet=\u00bbinherit\u00bb column_padding_phone=\u00bbinherit\u00bb column_padding_position=\u00bball\u00bb column_element_spacing=\u00bbdefault\u00bb background_color_opacity=\u00bb1&#8243; background_hover_color_opacity=\u00bb1&#8243; column_shadow=\u00bbnone\u00bb column_border_radius=\u00bbnone\u00bb column_link_target=\u00bb_self\u00bb gradient_direction=\u00bbleft_to_right\u00bb overlay_strength=\u00bb0.3&#8243; width=\u00bb1\/2&#8243; tablet_width_inherit=\u00bbdefault\u00bb tablet_text_alignment=\u00bbdefault\u00bb phone_text_alignment=\u00bbdefault\u00bb bg_image_animation=\u00bbnone\u00bb border_type=\u00bbsimple\u00bb column_border_width=\u00bbnone\u00bb column_border_style=\u00bbsolid\u00bb][vc_column_text]\n<h2 class=\"more\">Curso<\/h2>\n<ul>\n<li>De 15 a 21 a\u00f1os.<\/li>\n<li>Duraci\u00f3n: a partir de una semana (domingo a domingo).<\/li>\n<li>Clases de espa\u00f1ol: 20 horas por semana.<\/li>\n<li>Actividades divertidas todos los d\u00edas.<\/li>\n<li>S\u00e1bado: excursi\u00f3n de d\u00eda completo.<\/li>\n<li>Supervisi\u00f3n total.<\/li>\n<li>Seguro de viaje.<\/li>\n<li>N\u00famero de emergencia 24h.<\/li>\n<\/ul>\n[\/vc_column_text][\/vc_column][vc_column column_padding=\u00bbno-extra-padding\u00bb column_padding_tablet=\u00bbinherit\u00bb column_padding_phone=\u00bbinherit\u00bb column_padding_position=\u00bball\u00bb column_element_spacing=\u00bbdefault\u00bb background_color_opacity=\u00bb1&#8243; background_hover_color_opacity=\u00bb1&#8243; column_shadow=\u00bbnone\u00bb column_border_radius=\u00bbnone\u00bb column_link_target=\u00bb_self\u00bb gradient_direction=\u00bbleft_to_right\u00bb overlay_strength=\u00bb0.3&#8243; width=\u00bb1\/2&#8243; tablet_width_inherit=\u00bbdefault\u00bb tablet_text_alignment=\u00bbdefault\u00bb phone_text_alignment=\u00bbdefault\u00bb bg_image_animation=\u00bbnone\u00bb border_type=\u00bbsimple\u00bb column_border_width=\u00bbnone\u00bb column_border_style=\u00bbsolid\u00bb][vc_column_text css=\u00bb.vc_custom_1768299427678{padding-bottom: 4% !important;}\u00bb]\n<h2 class=\"prices\">Precios<\/h2>\n<table>\n<tbody>\n<tr class=\"su-even\">\n<td><\/td>\n<td style=\"text-align: center;\"><b><span lang=\"EN-GB\">1 semana<\/span><\/b><\/td>\n<td style=\"text-align: center;\"><b><span lang=\"EN-GB\">2 semanas<\/span><\/b><\/td>\n<td style=\"text-align: center;\">Semana extra<\/td>\n<\/tr>\n<tr>\n<td><strong>Familia<\/strong><\/td>\n<td style=\"text-align: center;\">950\u20ac<\/td>\n<td style=\"text-align: center;\">1780\u20ac<\/td>\n<td style=\"text-align: center;\">840\u20ac<\/td>\n<\/tr>\n<tr class=\"su-even\">\n<td><strong>Alojamiento Club Costa Nerja (18+)<\/strong><\/td>\n<td style=\"text-align: center;\">1035\u20ac<\/td>\n<td style=\"text-align: center;\">1990\u20ac<\/td>\n<td style=\"text-align: center;\">970\u20ac<\/td>\n<\/tr>\n<tr>\n<td><strong>Sin alojamiento<\/strong><\/td>\n<td style=\"text-align: center;\">571\u20ac<\/td>\n<td style=\"text-align: center;\">1032\u20ac<\/td>\n<td style=\"text-align: center;\">500\u20ac<\/td>\n<\/tr>\n<\/tbody>\n<\/table>\n[\/vc_column_text][nectar_btn size=\u00bblarge\u00bb open_new_tab=\u00bbtrue\u00bb button_style=\u00bbregular-tilt\u00bb button_color=\u00bbAccent-Color\u00bb icon_family=\u00bbfontawesome\u00bb el_class=\u00bbcourse-button\u00bb url=\u00bbhttps:\/\/www.idnerja.com\/wp-content\/uploads\/2026\/02\/Activity-programm.pdf\u00bb text=\u00bbPrograma de actividades\u00bb css_animation=\u00bbnone\u00bb icon_fontawesome=\u00bbfa fa-users\u00bb][\/vc_column][\/vc_row][vc_row type=\u00bbin_container\u00bb full_screen_row_position=\u00bbmiddle\u00bb column_margin=\u00bbdefault\u00bb column_direction=\u00bbdefault\u00bb column_direction_tablet=\u00bbdefault\u00bb column_direction_phone=\u00bbdefault\u00bb scene_position=\u00bbcenter\u00bb text_color=\u00bbdark\u00bb text_align=\u00bbleft\u00bb row_border_radius=\u00bbnone\u00bb row_border_radius_applies=\u00bbbg\u00bb overlay_strength=\u00bb0.3&#8243; gradient_direction=\u00bbleft_to_right\u00bb shape_divider_position=\u00bbbottom\u00bb bg_image_animation=\u00bbnone\u00bb][vc_column column_padding=\u00bbno-extra-padding\u00bb column_padding_tablet=\u00bbinherit\u00bb column_padding_phone=\u00bbinherit\u00bb column_padding_position=\u00bball\u00bb column_element_spacing=\u00bbdefault\u00bb background_color_opacity=\u00bb1&#8243; background_hover_color_opacity=\u00bb1&#8243; column_shadow=\u00bbnone\u00bb column_border_radius=\u00bbnone\u00bb column_link_target=\u00bb_self\u00bb gradient_direction=\u00bbleft_to_right\u00bb overlay_strength=\u00bb0.3&#8243; width=\u00bb1\/2&#8243; tablet_width_inherit=\u00bbdefault\u00bb tablet_text_alignment=\u00bbdefault\u00bb phone_text_alignment=\u00bbdefault\u00bb bg_image_animation=\u00bbnone\u00bb border_type=\u00bbsimple\u00bb column_border_width=\u00bbnone\u00bb column_border_style=\u00bbsolid\u00bb][vc_column_text]\n<h2>Fechas de inicio por niveles<\/h2>\n<table>\n<tbody>\n<tr>\n<td><strong>Principiantes<\/strong><\/p>\n<ul>\n<li>28 de junio<\/li>\n<li>12 de julio<\/li>\n<li>02 de agosto<\/li>\n<\/ul>\n<\/td>\n<td><b>A-B<\/b><\/p>\n<ul>\n<li>29 de junio<\/li>\n<li>06 de julio<\/li>\n<li>13 de julio<\/li>\n<li>20 de julio<\/li>\n<li>27 de julio<\/li>\n<li>03 de agosto<\/li>\n<li>10 de agosto<\/li>\n<\/ul>\n<\/td>\n<\/tr>\n<\/tbody>\n<\/table>\n[\/vc_column_text][\/vc_column][\/vc_row][vc_row type=\u00bbin_container\u00bb full_screen_row_position=\u00bbmiddle\u00bb column_margin=\u00bbdefault\u00bb column_direction=\u00bbdefault\u00bb column_direction_tablet=\u00bbdefault\u00bb column_direction_phone=\u00bbdefault\u00bb scene_position=\u00bbcenter\u00bb top_padding=\u00bb0px\u00bb bottom_padding=\u00bb0px\u00bb text_color=\u00bbdark\u00bb text_align=\u00bbleft\u00bb row_border_radius=\u00bbnone\u00bb row_border_radius_applies=\u00bbbg\u00bb overlay_strength=\u00bb0.3&#8243; gradient_direction=\u00bbleft_to_right\u00bb shape_divider_position=\u00bbbottom\u00bb bg_image_animation=\u00bbnone\u00bb shape_type=\u00bb\u00bb][vc_column column_padding=\u00bbno-extra-padding\u00bb column_padding_tablet=\u00bbinherit\u00bb column_padding_phone=\u00bbinherit\u00bb column_padding_position=\u00bball\u00bb top_margin=\u00bb-30px\u00bb bottom_margin=\u00bb-30px\u00bb column_element_spacing=\u00bbdefault\u00bb background_color_opacity=\u00bb1&#8243; background_hover_color_opacity=\u00bb1&#8243; column_shadow=\u00bbnone\u00bb column_border_radius=\u00bbnone\u00bb column_link_target=\u00bb_self\u00bb gradient_direction=\u00bbleft_to_right\u00bb overlay_strength=\u00bb0.3&#8243; width=\u00bb1\/1&#8243; tablet_width_inherit=\u00bbdefault\u00bb tablet_text_alignment=\u00bbdefault\u00bb phone_text_alignment=\u00bbdefault\u00bb bg_image_animation=\u00bbnone\u00bb border_type=\u00bbsimple\u00bb column_border_width=\u00bbnone\u00bb column_border_style=\u00bbsolid\u00bb][carousel script=\u00bbflickity\u00bb flickity_formatting=\u00bbdefault\u00bb desktop_cols_flickity=\u00bb3&#8243; desktop_small_cols_flickity=\u00bb1&#8243; tablet_cols_flickity=\u00bb1&#8243; flickity_controls=\u00bbnext_prev_arrows_overlaid\u00bb color=\u00bbdefault\u00bb flickity_overflow=\u00bbhidden\u00bb flickity_wrap_around=\u00bbwrap\u00bb flickity_spacing=\u00bbdefault\u00bb column_padding=\u00bb0&#8243; flickity_element_spacing=\u00bbdefault\u00bb border_radius=\u00bbnone\u00bb][item simple_slider_bg_image_position=\u00bbdefault\u00bb simple_slider_overlay_strength=\u00bb0.3&#8243; id=\u00bb1776240386408-6&#8243; tab_id=\u00bb1776240386408-3&#8243; title=\u00bbItem\u00bb][image_with_animation image_url=\u00bb183926&#8243; animation=\u00bbFade In\u00bb hover_animation=\u00bbnone\u00bb alignment=\u00bbcenter\u00bb img_link_large=\u00bbyes\u00bb img_link_caption=\u00bbyes\u00bb border_radius=\u00bbnone\u00bb box_shadow=\u00bbnone\u00bb image_loading=\u00bbdefault\u00bb max_width=\u00bb100%\u00bb max_width_mobile=\u00bbdefault\u00bb][\/item][item simple_slider_bg_image_position=\u00bbdefault\u00bb simple_slider_overlay_strength=\u00bb0.3&#8243; id=\u00bb1776240386446-5&#8243; tab_id=\u00bb1776240386446-0&#8243; title=\u00bbItem\u00bb][image_with_animation image_url=\u00bb183923&#8243; animation=\u00bbFade In\u00bb hover_animation=\u00bbnone\u00bb alignment=\u00bbcenter\u00bb img_link_large=\u00bbyes\u00bb img_link_caption=\u00bbyes\u00bb border_radius=\u00bbnone\u00bb box_shadow=\u00bbnone\u00bb image_loading=\u00bbdefault\u00bb max_width=\u00bb100%\u00bb max_width_mobile=\u00bbdefault\u00bb][\/item][item simple_slider_bg_image_position=\u00bbdefault\u00bb simple_slider_overlay_strength=\u00bb0.3&#8243; id=\u00bb1776240386495-4&#8243; tab_id=\u00bb1776240386496-10&#8243; title=\u00bbItem\u00bb][image_with_animation image_url=\u00bb183920&#8243; animation=\u00bbFade In\u00bb hover_animation=\u00bbnone\u00bb alignment=\u00bbcenter\u00bb img_link_large=\u00bbyes\u00bb img_link_caption=\u00bbyes\u00bb border_radius=\u00bbnone\u00bb box_shadow=\u00bbnone\u00bb image_loading=\u00bbdefault\u00bb max_width=\u00bb100%\u00bb max_width_mobile=\u00bbdefault\u00bb][\/item][item simple_slider_bg_image_position=\u00bbdefault\u00bb simple_slider_overlay_strength=\u00bb0.3&#8243; id=\u00bb1776240386517-0&#8243; tab_id=\u00bb1776240386517-4&#8243; title=\u00bbItem\u00bb][image_with_animation image_url=\u00bb183917&#8243; animation=\u00bbFade In\u00bb hover_animation=\u00bbnone\u00bb alignment=\u00bbcenter\u00bb img_link_large=\u00bbyes\u00bb img_link_caption=\u00bbyes\u00bb border_radius=\u00bbnone\u00bb box_shadow=\u00bbnone\u00bb image_loading=\u00bbdefault\u00bb max_width=\u00bb100%\u00bb max_width_mobile=\u00bbdefault\u00bb][\/item][item simple_slider_bg_image_position=\u00bbdefault\u00bb simple_slider_overlay_strength=\u00bb0.3&#8243; id=\u00bb1776240386540-1&#8243; tab_id=\u00bb1776240386541-8&#8243; title=\u00bbItem\u00bb][image_with_animation image_url=\u00bb183914&#8243; animation=\u00bbFade In\u00bb hover_animation=\u00bbnone\u00bb alignment=\u00bbcenter\u00bb img_link_large=\u00bbyes\u00bb img_link_caption=\u00bbyes\u00bb border_radius=\u00bbnone\u00bb box_shadow=\u00bbnone\u00bb image_loading=\u00bbdefault\u00bb max_width=\u00bb100%\u00bb max_width_mobile=\u00bbdefault\u00bb][\/item][item simple_slider_bg_image_position=\u00bbdefault\u00bb simple_slider_overlay_strength=\u00bb0.3&#8243; id=\u00bb1776240386562-10&#8243; tab_id=\u00bb1776240386563-0&#8243; title=\u00bbItem\u00bb][image_with_animation image_url=\u00bb183911&#8243; animation=\u00bbFade In\u00bb hover_animation=\u00bbnone\u00bb alignment=\u00bbcenter\u00bb img_link_large=\u00bbyes\u00bb img_link_caption=\u00bbyes\u00bb border_radius=\u00bbnone\u00bb box_shadow=\u00bbnone\u00bb image_loading=\u00bbdefault\u00bb max_width=\u00bb100%\u00bb max_width_mobile=\u00bbdefault\u00bb][\/item][item simple_slider_bg_image_position=\u00bbdefault\u00bb simple_slider_overlay_strength=\u00bb0.3&#8243; id=\u00bb1776240386584-8&#8243; tab_id=\u00bb1776240386585-7&#8243; title=\u00bbItem\u00bb][image_with_animation image_url=\u00bb183908&#8243; animation=\u00bbFade In\u00bb hover_animation=\u00bbnone\u00bb alignment=\u00bbcenter\u00bb img_link_large=\u00bbyes\u00bb img_link_caption=\u00bbyes\u00bb border_radius=\u00bbnone\u00bb box_shadow=\u00bbnone\u00bb image_loading=\u00bbdefault\u00bb max_width=\u00bb100%\u00bb max_width_mobile=\u00bbdefault\u00bb][\/item][item simple_slider_bg_image_position=\u00bbdefault\u00bb simple_slider_overlay_strength=\u00bb0.3&#8243; id=\u00bb1776240386606-6&#8243; tab_id=\u00bb1776240386607-7&#8243; title=\u00bbItem\u00bb][image_with_animation image_url=\u00bb183905&#8243; animation=\u00bbFade In\u00bb hover_animation=\u00bbnone\u00bb alignment=\u00bbcenter\u00bb img_link_large=\u00bbyes\u00bb img_link_caption=\u00bbyes\u00bb border_radius=\u00bbnone\u00bb box_shadow=\u00bbnone\u00bb image_loading=\u00bbdefault\u00bb max_width=\u00bb100%\u00bb max_width_mobile=\u00bbdefault\u00bb][\/item][item simple_slider_bg_image_position=\u00bbdefault\u00bb simple_slider_overlay_strength=\u00bb0.3&#8243; id=\u00bb1776240386629-8&#8243; tab_id=\u00bb1776240386630-6&#8243; title=\u00bbItem\u00bb][image_with_animation image_url=\u00bb183902&#8243; animation=\u00bbFade In\u00bb hover_animation=\u00bbnone\u00bb alignment=\u00bbcenter\u00bb img_link_large=\u00bbyes\u00bb img_link_caption=\u00bbyes\u00bb border_radius=\u00bbnone\u00bb box_shadow=\u00bbnone\u00bb image_loading=\u00bbdefault\u00bb max_width=\u00bb100%\u00bb max_width_mobile=\u00bbdefault\u00bb][\/item][item simple_slider_bg_image_position=\u00bbdefault\u00bb simple_slider_overlay_strength=\u00bb0.3&#8243; id=\u00bb1776240386652-10&#8243; tab_id=\u00bb1776240386652-4&#8243; title=\u00bbItem\u00bb][image_with_animation image_url=\u00bb183899&#8243; animation=\u00bbFade In\u00bb hover_animation=\u00bbnone\u00bb alignment=\u00bbcenter\u00bb img_link_large=\u00bbyes\u00bb img_link_caption=\u00bbyes\u00bb border_radius=\u00bbnone\u00bb box_shadow=\u00bbnone\u00bb image_loading=\u00bbdefault\u00bb max_width=\u00bb100%\u00bb max_width_mobile=\u00bbdefault\u00bb][\/item][item simple_slider_bg_image_position=\u00bbdefault\u00bb simple_slider_overlay_strength=\u00bb0.3&#8243; id=\u00bb1776240386703-4&#8243; tab_id=\u00bb1776240386704-4&#8243; title=\u00bbItem\u00bb][image_with_animation image_url=\u00bb183896&#8243; animation=\u00bbFade In\u00bb hover_animation=\u00bbnone\u00bb alignment=\u00bbcenter\u00bb img_link_large=\u00bbyes\u00bb img_link_caption=\u00bbyes\u00bb border_radius=\u00bbnone\u00bb box_shadow=\u00bbnone\u00bb image_loading=\u00bbdefault\u00bb max_width=\u00bb100%\u00bb max_width_mobile=\u00bbdefault\u00bb][\/item][item simple_slider_bg_image_position=\u00bbdefault\u00bb simple_slider_overlay_strength=\u00bb0.3&#8243; id=\u00bb1776240386726-2&#8243; tab_id=\u00bb1776240386727-2&#8243; title=\u00bbItem\u00bb][image_with_animation image_url=\u00bb183893&#8243; animation=\u00bbFade In\u00bb hover_animation=\u00bbnone\u00bb alignment=\u00bbcenter\u00bb img_link_large=\u00bbyes\u00bb img_link_caption=\u00bbyes\u00bb border_radius=\u00bbnone\u00bb box_shadow=\u00bbnone\u00bb image_loading=\u00bbdefault\u00bb max_width=\u00bb100%\u00bb max_width_mobile=\u00bbdefault\u00bb][\/item][item simple_slider_bg_image_position=\u00bbdefault\u00bb simple_slider_overlay_strength=\u00bb0.3&#8243; id=\u00bb1776240386750-10&#8243; tab_id=\u00bb1776240386750-0&#8243; title=\u00bbItem\u00bb][image_with_animation image_url=\u00bb183890&#8243; animation=\u00bbFade In\u00bb hover_animation=\u00bbnone\u00bb alignment=\u00bbcenter\u00bb img_link_large=\u00bbyes\u00bb img_link_caption=\u00bbyes\u00bb border_radius=\u00bbnone\u00bb box_shadow=\u00bbnone\u00bb image_loading=\u00bbdefault\u00bb max_width=\u00bb100%\u00bb max_width_mobile=\u00bbdefault\u00bb][\/item][item simple_slider_bg_image_position=\u00bbdefault\u00bb simple_slider_overlay_strength=\u00bb0.3&#8243; id=\u00bb1776240386801-7&#8243; tab_id=\u00bb1776240386801-5&#8243; title=\u00bbItem\u00bb][image_with_animation image_url=\u00bb183887&#8243; animation=\u00bbFade In\u00bb hover_animation=\u00bbnone\u00bb alignment=\u00bbcenter\u00bb img_link_large=\u00bbyes\u00bb img_link_caption=\u00bbyes\u00bb border_radius=\u00bbnone\u00bb box_shadow=\u00bbnone\u00bb image_loading=\u00bbdefault\u00bb max_width=\u00bb100%\u00bb max_width_mobile=\u00bbdefault\u00bb][\/item][item simple_slider_bg_image_position=\u00bbdefault\u00bb simple_slider_overlay_strength=\u00bb0.3&#8243; id=\u00bb1776240386852-7&#8243; tab_id=\u00bb1776240386853-7&#8243; title=\u00bbItem\u00bb][image_with_animation image_url=\u00bb183884&#8243; animation=\u00bbFade In\u00bb hover_animation=\u00bbnone\u00bb alignment=\u00bbcenter\u00bb img_link_large=\u00bbyes\u00bb img_link_caption=\u00bbyes\u00bb border_radius=\u00bbnone\u00bb box_shadow=\u00bbnone\u00bb image_loading=\u00bbdefault\u00bb max_width=\u00bb100%\u00bb max_width_mobile=\u00bbdefault\u00bb][\/item][item simple_slider_bg_image_position=\u00bbdefault\u00bb simple_slider_overlay_strength=\u00bb0.3&#8243; id=\u00bb1776240386903-4&#8243; tab_id=\u00bb1776240386903-6&#8243; title=\u00bbItem\u00bb][image_with_animation image_url=\u00bb183881&#8243; animation=\u00bbFade In\u00bb hover_animation=\u00bbnone\u00bb alignment=\u00bbcenter\u00bb img_link_large=\u00bbyes\u00bb img_link_caption=\u00bbyes\u00bb border_radius=\u00bbnone\u00bb box_shadow=\u00bbnone\u00bb image_loading=\u00bbdefault\u00bb max_width=\u00bb100%\u00bb max_width_mobile=\u00bbdefault\u00bb][\/item][item simple_slider_bg_image_position=\u00bbdefault\u00bb simple_slider_overlay_strength=\u00bb0.3&#8243; id=\u00bb1776240386927-10&#8243; tab_id=\u00bb1776240386928-1&#8243; title=\u00bbItem\u00bb][image_with_animation image_url=\u00bb183878&#8243; animation=\u00bbFade In\u00bb hover_animation=\u00bbnone\u00bb alignment=\u00bbcenter\u00bb img_link_large=\u00bbyes\u00bb img_link_caption=\u00bbyes\u00bb border_radius=\u00bbnone\u00bb box_shadow=\u00bbnone\u00bb image_loading=\u00bbdefault\u00bb max_width=\u00bb100%\u00bb max_width_mobile=\u00bbdefault\u00bb][\/item][item simple_slider_bg_image_position=\u00bbdefault\u00bb simple_slider_overlay_strength=\u00bb0.3&#8243; id=\u00bb1776240386980-5&#8243; tab_id=\u00bb1776240386980-3&#8243; title=\u00bbItem\u00bb][image_with_animation image_url=\u00bb183875&#8243; animation=\u00bbFade In\u00bb hover_animation=\u00bbnone\u00bb alignment=\u00bbcenter\u00bb img_link_large=\u00bbyes\u00bb img_link_caption=\u00bbyes\u00bb border_radius=\u00bbnone\u00bb box_shadow=\u00bbnone\u00bb image_loading=\u00bbdefault\u00bb max_width=\u00bb100%\u00bb max_width_mobile=\u00bbdefault\u00bb][\/item][\/carousel][\/vc_column][\/vc_row][vc_row type=\u00bbin_container\u00bb full_screen_row_position=\u00bbmiddle\u00bb column_margin=\u00bbdefault\u00bb column_direction=\u00bbdefault\u00bb column_direction_tablet=\u00bbdefault\u00bb column_direction_phone=\u00bbdefault\u00bb scene_position=\u00bbcenter\u00bb top_padding=\u00bb0&#8243; bottom_padding=\u00bb12&#8243; text_color=\u00bbdark\u00bb text_align=\u00bbleft\u00bb row_border_radius=\u00bbnone\u00bb row_border_radius_applies=\u00bbbg\u00bb class=\u00bbcourse-buttons\u00bb overlay_strength=\u00bb0.3&#8243; gradient_direction=\u00bbleft_to_right\u00bb shape_divider_position=\u00bbbottom\u00bb bg_image_animation=\u00bbnone\u00bb shape_type=\u00bb\u00bb][vc_column column_padding=\u00bbno-extra-padding\u00bb column_padding_tablet=\u00bbinherit\u00bb column_padding_phone=\u00bbinherit\u00bb column_padding_position=\u00bball\u00bb column_element_spacing=\u00bbdefault\u00bb centered_text=\u00bbtrue\u00bb background_color_opacity=\u00bb1&#8243; background_hover_color_opacity=\u00bb1&#8243; column_shadow=\u00bbnone\u00bb column_border_radius=\u00bbnone\u00bb column_link_target=\u00bb_self\u00bb gradient_direction=\u00bbleft_to_right\u00bb overlay_strength=\u00bb0.3&#8243; width=\u00bb1\/2&#8243; tablet_width_inherit=\u00bbdefault\u00bb tablet_text_alignment=\u00bbdefault\u00bb phone_text_alignment=\u00bbdefault\u00bb bg_image_animation=\u00bbnone\u00bb border_type=\u00bbsimple\u00bb column_border_width=\u00bbnone\u00bb column_border_style=\u00bbsolid\u00bb][nectar_btn size=\u00bbjumbo\u00bb button_style=\u00bbregular-tilt\u00bb button_color=\u00bbAccent-Color\u00bb icon_family=\u00bbfontawesome\u00bb el_class=\u00bbcourse-button\u00bb url=\u00bbhttps:\/\/www.idnerja.com\/es\/inscripcion\/\u00bb text=\u00bbSuscr\u00edbete al Curso\u00bb css_animation=\u00bbnone\u00bb icon_fontawesome=\u00bbfa fa-users\u00bb][\/vc_column][vc_column column_padding=\u00bbno-extra-padding\u00bb column_padding_tablet=\u00bbinherit\u00bb column_padding_phone=\u00bbinherit\u00bb column_padding_position=\u00bball\u00bb column_element_spacing=\u00bbdefault\u00bb centered_text=\u00bbtrue\u00bb background_color_opacity=\u00bb1&#8243; background_hover_color_opacity=\u00bb1&#8243; column_shadow=\u00bbnone\u00bb column_border_radius=\u00bbnone\u00bb column_link_target=\u00bb_self\u00bb gradient_direction=\u00bbleft_to_right\u00bb overlay_strength=\u00bb0.3&#8243; width=\u00bb1\/2&#8243; tablet_width_inherit=\u00bbdefault\u00bb tablet_text_alignment=\u00bbdefault\u00bb phone_text_alignment=\u00bbdefault\u00bb bg_image_animation=\u00bbnone\u00bb border_type=\u00bbsimple\u00bb column_border_width=\u00bbnone\u00bb column_border_style=\u00bbsolid\u00bb][nectar_btn size=\u00bbjumbo\u00bb button_style=\u00bbregular-tilt\u00bb button_color=\u00bbExtra-Color-2&#8243; icon_family=\u00bbfontawesome\u00bb el_class=\u00bbcourse-button\u00bb url=\u00bbhttps:\/\/www.idnerja.com\/spanish-test\/\u00bb text=\u00bbTest de espa\u00f1ol\u00bb css_animation=\u00bbnone\u00bb icon_fontawesome=\u00bbfa fa-clipboard\u00bb][\/vc_column][\/vc_row]\n","protected":false},"excerpt":{"rendered":"<p>\u201cEscuela de Idiomas Nerja\u201d ofrece un \u201cCampamento de Verano de Espa\u00f1ol\u201d para J\u00f3venes (de 15 a 21 a\u00f1os), un programa incre\u00edble para quienes desean mejorar sus habilidades ling\u00fc\u00edsticas. \u00a1Vive el&hellip;<\/p>","protected":false},"author":31,"featured_media":0,"parent":0,"menu_order":0,"comment_status":"closed","ping_status":"closed","template":"","meta":{"_monsterinsights_skip_tracking":false,"_monsterinsights_sitenote_active":false,"_monsterinsights_sitenote_note":"","_monsterinsights_sitenote_category":0,"footnotes":""},"class_list":["post-183865","page","type-page","status-publish"],"_links":{"self":[{"href":"https:\/\/www.idnerja.com\/es\/wp-json\/wp\/v2\/pages\/183865","targetHints":{"allow":["GET"]}}],"collection":[{"href":"https:\/\/www.idnerja.com\/es\/wp-json\/wp\/v2\/pages"}],"about":[{"href":"https:\/\/www.idnerja.com\/es\/wp-json\/wp\/v2\/types\/page"}],"author":[{"embeddable":true,"href":"https:\/\/www.idnerja.com\/es\/wp-json\/wp\/v2\/users\/31"}],"replies":[{"embeddable":true,"href":"https:\/\/www.idnerja.com\/es\/wp-json\/wp\/v2\/comments?post=183865"}],"version-history":[{"count":10,"href":"https:\/\/www.idnerja.com\/es\/wp-json\/wp\/v2\/pages\/183865\/revisions"}],"predecessor-version":[{"id":184756,"href":"https:\/\/www.idnerja.com\/es\/wp-json\/wp\/v2\/pages\/183865\/revisions\/184756"}],"wp:attachment":[{"href":"https:\/\/www.idnerja.com\/es\/wp-json\/wp\/v2\/media?parent=183865"}],"curies":[{"name":"wp","href":"https:\/\/api.w.org\/{rel}","templated":true}]}}