



{"id":22646,"date":"2017-09-12T12:42:25","date_gmt":"2017-09-12T10:42:25","guid":{"rendered":"https:\/\/www.idnerja.com\/?page_id=22646\/"},"modified":"2020-06-15T11:04:11","modified_gmt":"2020-06-15T09:04:11","slug":"seguro","status":"publish","type":"page","link":"https:\/\/www.idnerja.com\/es\/nerja\/seguro\/","title":{"rendered":"Seguro"},"content":{"rendered":"[vc_row type=\u00bbin_container\u00bb full_screen_row_position=\u00bbmiddle\u00bb scene_position=\u00bbcenter\u00bb text_color=\u00bbdark\u00bb text_align=\u00bbleft\u00bb overlay_strength=\u00bb0.3&#8243; shape_divider_position=\u00bbbottom\u00bb bg_image_animation=\u00bbnone\u00bb][vc_column column_padding=\u00bbno-extra-padding\u00bb column_padding_position=\u00bball\u00bb background_color_opacity=\u00bb1&#8243; background_hover_color_opacity=\u00bb1&#8243; column_link_target=\u00bb_self\u00bb column_shadow=\u00bbnone\u00bb column_border_radius=\u00bbnone\u00bb width=\u00bb1\/1&#8243; tablet_width_inherit=\u00bbdefault\u00bb tablet_text_alignment=\u00bbdefault\u00bb phone_text_alignment=\u00bbdefault\u00bb column_border_width=\u00bbnone\u00bb column_border_style=\u00bbsolid\u00bb bg_image_animation=\u00bbnone\u00bb][vc_column_text]\n<div id=\"ficha-ein\">\n<div class=\"set-descripcion\">\n<p>La Escuela est\u00e1 cubierta por un <strong>seguro de responsabilidad civil<\/strong> para los estudiantes en las instalaciones de la escuela en <strong><a href=\"https:\/\/www.idnerja.com\/es\/nerja\/\">Nerja<\/a><\/strong>. El servicio espa\u00f1ol de la Seguridad Social ofrece atenci\u00f3n sanitaria a los ciudadanos de la Uni\u00f3n Europea previa presentaci\u00f3n de la documentaci\u00f3n necesaria obtenida en su pa\u00eds de origen. Se aconseja a los estudiantes de otros pa\u00edses que deseen visitar Espa\u00f1a que consulten a su compa\u00f1\u00eda de seguros sobre la <strong>Seguridad Social<\/strong> Espa\u00f1ola.<\/p>\n<p>Le recomendamos que contrate un seguro de viaje para cubrir la posibilidad de que requiera atenci\u00f3n m\u00e9dica. Nuestra Escuela ofrece <strong>seguro de viaje y cancelaci\u00f3n<\/strong> en caso de enfermedad.<\/p>\n<\/div>\n<\/div>\n<p><center><img decoding=\"async\" src=\"\/wp-content\/uploads\/imagenes\/insurance\/insurance.jpg\" alt=\"Insurance\" \/><\/center>[\/vc_column_text][\/vc_column][\/vc_row]\n","protected":false},"excerpt":{"rendered":"<p>La Escuela est\u00e1 cubierta por un seguro de responsabilidad civil para los estudiantes en las instalaciones de la escuela en Nerja. El servicio espa\u00f1ol de la Seguridad Social ofrece atenci\u00f3n&hellip;<\/p>","protected":false},"author":31,"featured_media":0,"parent":38,"menu_order":2,"comment_status":"closed","ping_status":"closed","template":"page-sidebar.php","meta":{"_monsterinsights_skip_tracking":false,"_monsterinsights_sitenote_active":false,"_monsterinsights_sitenote_note":"","_monsterinsights_sitenote_category":0,"footnotes":""},"class_list":["post-22646","page","type-page","status-publish"],"_links":{"self":[{"href":"https:\/\/www.idnerja.com\/es\/wp-json\/wp\/v2\/pages\/22646","targetHints":{"allow":["GET"]}}],"collection":[{"href":"https:\/\/www.idnerja.com\/es\/wp-json\/wp\/v2\/pages"}],"about":[{"href":"https:\/\/www.idnerja.com\/es\/wp-json\/wp\/v2\/types\/page"}],"author":[{"embeddable":true,"href":"https:\/\/www.idnerja.com\/es\/wp-json\/wp\/v2\/users\/31"}],"replies":[{"embeddable":true,"href":"https:\/\/www.idnerja.com\/es\/wp-json\/wp\/v2\/comments?post=22646"}],"version-history":[{"count":2,"href":"https:\/\/www.idnerja.com\/es\/wp-json\/wp\/v2\/pages\/22646\/revisions"}],"predecessor-version":[{"id":167511,"href":"https:\/\/www.idnerja.com\/es\/wp-json\/wp\/v2\/pages\/22646\/revisions\/167511"}],"up":[{"embeddable":true,"href":"https:\/\/www.idnerja.com\/es\/wp-json\/wp\/v2\/pages\/38"}],"wp:attachment":[{"href":"https:\/\/www.idnerja.com\/es\/wp-json\/wp\/v2\/media?parent=22646"}],"curies":[{"name":"wp","href":"https:\/\/api.w.org\/{rel}","templated":true}]}}