



{"id":2536,"date":"2015-08-13T17:00:44","date_gmt":"2015-08-13T15:00:44","guid":{"rendered":"https:\/\/www.idnerja.com\/?page_id=2536"},"modified":"2025-04-11T10:43:03","modified_gmt":"2025-04-11T08:43:03","slug":"videos","status":"publish","type":"page","link":"https:\/\/www.idnerja.com\/es\/multimedia\/videos\/","title":{"rendered":"V\u00eddeos"},"content":{"rendered":"<section id=\"portada\">\n<div class=\"set-boxitem playmultimedia\">\n<article class=\"boxitem\"><span class=\"su-lightbox\" data-mfp-src=\"\/multimedia\/videos\/video-the-town-of-nerja\/\" data-mfp-type=\"iframe\" data-mobile=\"yes\">\n<header>\n<hgroup>\n<h2 style=\"text-align: center;\">Nerja<\/h2>\n<\/hgroup>\n<\/header>\n<footer>\n<figure><img decoding=\"async\" src=\"\/wp-content\/themes\/EINerja\/img\/multimedia\/play-video-nerja.jpg\" \/><\/figure>\n<\/footer>\n<\/span>\n<\/article>\n<article class=\"boxitem\"><span class=\"su-lightbox\" data-mfp-src=\"\/multimedia\/videos\/video-break-la-pausa\/\" data-mfp-type=\"iframe\" data-mobile=\"yes\">\n<header>\n<hgroup>\n<h2 style=\"text-align: center;\">La Pausa<\/h2>\n<\/hgroup>\n<\/header>\n<footer>\n<figure><img decoding=\"async\" src=\"\/wp-content\/themes\/EINerja\/img\/multimedia\/play-video-pausa.jpg\" \/><\/figure>\n<\/footer>\n<\/span>\n<\/article>\n<article class=\"boxitem\"><span class=\"su-lightbox\" data-mfp-src=\"\/multimedia\/videos\/video-super-intensive-spanish-courses\/\" data-mfp-type=\"iframe\" data-mobile=\"yes\">\n<header>\n<hgroup>\n<h2 style=\"text-align: center;\">Curso Superintensivo<\/h2>\n<\/hgroup>\n<\/header>\n<footer>\n<figure><img decoding=\"async\" src=\"\/wp-content\/themes\/EINerja\/img\/multimedia\/play-video-superintensivo.jpg\" \/><\/figure>\n<\/footer>\n<\/span>\n<\/article>\n<article class=\"boxitem\"><span class=\"su-lightbox\" data-mfp-src=\"\/multimedia\/videos\/video-spanish-plus-flamenco\/\" data-mfp-type=\"iframe\" data-mobile=\"yes\">\n<header>\n<hgroup>\n<h2 style=\"text-align: center;\">Espa\u00f1ol + Flamenco<\/h2>\n<\/hgroup>\n<\/header>\n<footer>\n<figure><img decoding=\"async\" src=\"\/wp-content\/themes\/EINerja\/img\/multimedia\/play-video-flamenco.jpg\" \/><\/figure>\n<\/footer>\n<\/span>\n<\/article>\n<article class=\"boxitem\"><span class=\"su-lightbox\" data-mfp-src=\"\/multimedia\/videos\/video-spanish-plus-scuba-diving\/\" data-mfp-type=\"iframe\" data-mobile=\"yes\">\n<header>\n<hgroup>\n<h2 style=\"text-align: center;\">Espa\u00f1ol + Buceo<\/h2>\n<\/hgroup>\n<\/header>\n<footer>\n<figure><img decoding=\"async\" src=\"\/wp-content\/themes\/EINerja\/img\/multimedia\/play-video-submarinismo.jpg\" \/><\/figure>\n<\/footer>\n<\/span>\n<\/article>\n<article class=\"boxitem\"><span class=\"su-lightbox\" data-mfp-src=\"\/multimedia\/videos\/video-club-50-spanish-courses\/\" data-mfp-type=\"iframe\" data-mobile=\"yes\">\n<header>\n<hgroup>\n<h2 style=\"text-align: center;\">Club 50+<\/h2>\n<\/hgroup>\n<\/header>\n<footer>\n<figure><img decoding=\"async\" src=\"\/wp-content\/themes\/EINerja\/img\/multimedia\/play-video-club50.jpg\" \/><\/figure>\n<\/footer>\n<\/span>\n<\/article>\n<article class=\"boxitem\"><span class=\"su-lightbox\" data-mfp-src=\"\/multimedia\/videos\/video-accommodation-in-nerja\/\" data-mfp-type=\"iframe\" data-mobile=\"yes\">\n<header>\n<hgroup>\n<h2 style=\"text-align: center;\">Alojamiento<\/h2>\n<\/hgroup>\n<\/header>\n<footer>\n<figure><img decoding=\"async\" src=\"\/wp-content\/themes\/EINerja\/img\/multimedia\/play-video-alojamiento.jpg\" \/><\/figure>\n<\/footer>\n<\/span>\n<\/article>\n<article class=\"boxitem\"><span class=\"su-lightbox\" data-mfp-src=\"\/multimedia\/videos\/video-activities-in-nerja\/\" data-mfp-type=\"iframe\" data-mobile=\"yes\">\n<header>\n<hgroup>\n<h2 style=\"text-align: center;\">Actividades<\/h2>\n<\/hgroup>\n<\/header>\n<footer>\n<figure><img decoding=\"async\" src=\"\/wp-content\/themes\/EINerja\/img\/multimedia\/play-video-actividades.jpg\" \/><\/figure>\n<\/footer>\n<\/span>\n<\/article>\n<\/div>\n<div class=\"su-button-center\"><a href=\"https:\/\/www.youtube.com\/user\/idnerja\" class=\"su-button su-button-style-default\" style=\"color:#FFFFFF;background-color:#c4302b;border-color:#9d2723;border-radius:5px\" target=\"_blank\" rel=\"noopener noreferrer\"><span style=\"color:#FFFFFF;padding:6px 16px;font-size:13px;line-height:20px;border-color:#d66f6b;border-radius:5px;text-shadow:none\"><i class=\"sui sui-youtube-play\" style=\"font-size:13px;color:#FFFFFF\"><\/i> M\u00e1s v\u00eddeos en nuestro canal de Youtube.<\/span><\/a><\/div>\n<\/section>\n","protected":false},"excerpt":{"rendered":"<p>Nerja La Pausa Curso Superintensivo Espa\u00f1ol + Flamenco Espa\u00f1ol + Buceo Club 50+ Alojamiento Actividades M\u00e1s v\u00eddeos en nuestro canal de Youtube.<\/p>","protected":false},"author":34,"featured_media":0,"parent":2547,"menu_order":2,"comment_status":"closed","ping_status":"closed","template":"page-sidebar.php","meta":{"_monsterinsights_skip_tracking":false,"_monsterinsights_sitenote_active":false,"_monsterinsights_sitenote_note":"","_monsterinsights_sitenote_category":0,"footnotes":""},"class_list":["post-2536","page","type-page","status-publish"],"_links":{"self":[{"href":"https:\/\/www.idnerja.com\/es\/wp-json\/wp\/v2\/pages\/2536","targetHints":{"allow":["GET"]}}],"collection":[{"href":"https:\/\/www.idnerja.com\/es\/wp-json\/wp\/v2\/pages"}],"about":[{"href":"https:\/\/www.idnerja.com\/es\/wp-json\/wp\/v2\/types\/page"}],"author":[{"embeddable":true,"href":"https:\/\/www.idnerja.com\/es\/wp-json\/wp\/v2\/users\/34"}],"replies":[{"embeddable":true,"href":"https:\/\/www.idnerja.com\/es\/wp-json\/wp\/v2\/comments?post=2536"}],"version-history":[{"count":1,"href":"https:\/\/www.idnerja.com\/es\/wp-json\/wp\/v2\/pages\/2536\/revisions"}],"predecessor-version":[{"id":181951,"href":"https:\/\/www.idnerja.com\/es\/wp-json\/wp\/v2\/pages\/2536\/revisions\/181951"}],"up":[{"embeddable":true,"href":"https:\/\/www.idnerja.com\/es\/wp-json\/wp\/v2\/pages\/2547"}],"wp:attachment":[{"href":"https:\/\/www.idnerja.com\/es\/wp-json\/wp\/v2\/media?parent=2536"}],"curies":[{"name":"wp","href":"https:\/\/api.w.org\/{rel}","templated":true}]}}