



{"id":2547,"date":"2015-08-20T21:28:20","date_gmt":"2015-08-20T19:28:20","guid":{"rendered":"https:\/\/www.idnerja.com\/?page_id=2547"},"modified":"2025-04-08T09:57:52","modified_gmt":"2025-04-08T07:57:52","slug":"multimedia","status":"publish","type":"page","link":"https:\/\/www.idnerja.com\/es\/multimedia\/","title":{"rendered":"Multimedia"},"content":{"rendered":"<div id=\"ficha-ein\">\n<div class=\"set-descripcion\">\n<p class=\"descripcion\">Con\u00f3zcanos \u201cm\u00e1s de cerca\u201d a trav\u00e9s de nuestra amplia galer\u00eda de fotos y v\u00eddeos que encontrar\u00e1 a continuaci\u00f3n.<\/p>\n<\/div>\n<\/div>\n<section id=\"portada\">\n<div class=\"gap-ie\"><\/div>\n<section class=\"set-boxitem\">\n<div class=\"gap-ie\"><\/div>\n<article class=\"boxitem\">\n<header>\n<hgroup>\n<h2 style=\"text-align: center;\">Fotos<\/h2>\n<h3 style=\"text-align: center;\">Galer\u00edas de fotos de la Escuela<\/h3>\n<\/hgroup>\n<\/header>\n<footer>\n<figure><a href=\"https:\/\/www.idnerja.com\/es\/multimedia\/fotos\/\"><img loading=\"lazy\" decoding=\"async\" class=\"alignnone\" src=\"\/wp-content\/themes\/EINerja\/img\/multimedia\/fotos.jpg\" alt=\"\" width=\"350\" height=\"283\" \/><\/a><\/figure>\n<\/footer>\n<p>&nbsp;<\/p>\n<\/article>\n<article class=\"boxitem\">\n<header>\n<hgroup>\n<h2 style=\"text-align: center;\">V\u00eddeos<\/h2>\n<h3 style=\"text-align: center;\">V\u00eddeos de la Escuela<\/h3>\n<\/hgroup>\n<\/header>\n<footer>\n<figure><a href=\"https:\/\/www.idnerja.com\/es\/multimedia\/videos\/\"><img loading=\"lazy\" decoding=\"async\" class=\"alignnone\" src=\"\/wp-content\/themes\/EINerja\/img\/multimedia\/videos.jpg\" alt=\"\" width=\"350\" height=\"283\" \/><\/a><\/figure>\n<\/footer>\n<p>&nbsp;<\/p>\n<\/article>\n<div class=\"gap-ie\"><\/div>\n<article class=\"boxitem\">\n<header>\n<hgroup>\n<h2 style=\"text-align: center;\">Visita Virtual<\/h2>\n<h3 style=\"text-align: center;\">Un paseo virtual por nuestras instalaciones<\/h3>\n<\/hgroup>\n<\/header>\n<footer>\n<figure><a href=\"https:\/\/www.idnerja.com\/es\/multimedia\/visita-virtual\/\"><img loading=\"lazy\" decoding=\"async\" class=\"alignnone\" src=\"\/wp-content\/themes\/EINerja\/img\/multimedia\/visita-virtual.jpg\" alt=\"\" width=\"350\" height=\"283\" \/><\/a><\/figure>\n<\/footer>\n<p>&nbsp;<\/p>\n<\/article>\n<\/section>\n<\/section>\n","protected":false},"excerpt":{"rendered":"<p>Con\u00f3zcanos \u201cm\u00e1s de cerca\u201d a trav\u00e9s de nuestra amplia galer\u00eda de fotos y v\u00eddeos que encontrar\u00e1 a continuaci\u00f3n. Fotos Galer\u00edas de fotos de la Escuela &nbsp; V\u00eddeos V\u00eddeos de la&hellip;<\/p>","protected":false},"author":34,"featured_media":0,"parent":0,"menu_order":6,"comment_status":"closed","ping_status":"closed","template":"page-sidebar.php","meta":{"_monsterinsights_skip_tracking":false,"_monsterinsights_sitenote_active":false,"_monsterinsights_sitenote_note":"","_monsterinsights_sitenote_category":0,"footnotes":""},"class_list":["post-2547","page","type-page","status-publish"],"_links":{"self":[{"href":"https:\/\/www.idnerja.com\/es\/wp-json\/wp\/v2\/pages\/2547","targetHints":{"allow":["GET"]}}],"collection":[{"href":"https:\/\/www.idnerja.com\/es\/wp-json\/wp\/v2\/pages"}],"about":[{"href":"https:\/\/www.idnerja.com\/es\/wp-json\/wp\/v2\/types\/page"}],"author":[{"embeddable":true,"href":"https:\/\/www.idnerja.com\/es\/wp-json\/wp\/v2\/users\/34"}],"replies":[{"embeddable":true,"href":"https:\/\/www.idnerja.com\/es\/wp-json\/wp\/v2\/comments?post=2547"}],"version-history":[{"count":2,"href":"https:\/\/www.idnerja.com\/es\/wp-json\/wp\/v2\/pages\/2547\/revisions"}],"predecessor-version":[{"id":181839,"href":"https:\/\/www.idnerja.com\/es\/wp-json\/wp\/v2\/pages\/2547\/revisions\/181839"}],"wp:attachment":[{"href":"https:\/\/www.idnerja.com\/es\/wp-json\/wp\/v2\/media?parent=2547"}],"curies":[{"name":"wp","href":"https:\/\/api.w.org\/{rel}","templated":true}]}}