



{"id":38,"date":"2014-11-17T11:28:33","date_gmt":"2014-11-17T10:28:33","guid":{"rendered":"https:\/\/www.idnerja.com\/?page_id=38"},"modified":"2020-06-22T09:47:03","modified_gmt":"2020-06-22T07:47:03","slug":"nerja","status":"publish","type":"page","link":"https:\/\/www.idnerja.com\/es\/nerja\/","title":{"rendered":"Nerja"},"content":{"rendered":"[vc_row type=\u00bbin_container\u00bb full_screen_row_position=\u00bbmiddle\u00bb scene_position=\u00bbcenter\u00bb text_color=\u00bbdark\u00bb text_align=\u00bbleft\u00bb overlay_strength=\u00bb0.3&#8243; shape_divider_position=\u00bbbottom\u00bb bg_image_animation=\u00bbnone\u00bb][vc_column column_padding=\u00bbno-extra-padding\u00bb column_padding_position=\u00bball\u00bb background_color_opacity=\u00bb1&#8243; background_hover_color_opacity=\u00bb1&#8243; column_link_target=\u00bb_self\u00bb column_shadow=\u00bbnone\u00bb column_border_radius=\u00bbnone\u00bb width=\u00bb1\/1&#8243; tablet_width_inherit=\u00bbdefault\u00bb tablet_text_alignment=\u00bbdefault\u00bb phone_text_alignment=\u00bbdefault\u00bb column_border_width=\u00bbnone\u00bb column_border_style=\u00bbsolid\u00bb bg_image_animation=\u00bbnone\u00bb][vc_column_text]\n<h2><strong>Nerja<\/strong><\/h2>\n[\/vc_column_text][vc_gallery type=\u00bbflickity_style\u00bb images=\u00bb18578,18588,18598,61739&#8243; flickity_controls=\u00bbpagination\u00bb flickity_desktop_columns=\u00bb1&#8243; flickity_small_desktop_columns=\u00bb1&#8243; flickity_tablet_columns=\u00bb1&#8243; flickity_box_shadow=\u00bbnone\u00bb onclick=\u00bblink_no\u00bb][vc_column_text]\n<div id=\"ficha-ein\">\n<p><strong>Nerja <\/strong>es un pueblo situado en la <strong>Costa del Sol<\/strong>, a cincuenta minutos de M\u00e1laga, que conserva su propio car\u00e1cter andaluz y cuenta con una poblaci\u00f3n de aproximadamente 20.000 habitantes. Est\u00e1 <strong>rodeado de monta\u00f1as y bonitas playas<\/strong>. Tiene un clima ideal con una temperatura media anual de 20\u00baC. Agricultura, pesca y servicios tur\u00edsticos son los sectores productivos. Su historia m\u00e1s antigua nos lleva al Paleol\u00edtico, pero su nombre y origen se debe a los \u00e1rabes: \u201cNarixa\u201d que significa \u201cmanantial abundante\u201d. El car\u00e1cter abierto y amable de su gente, tradiciones como el Carnaval, la Semana Santa, las ferias y fiestas patronales y su proximidad a ciudades importantes (M\u00e1laga, Granada, Sevilla), hacen de Nerja un lugar ideal para aprender nuestra lengua y cultura.<\/p>\n<div class=\"set-descripcion\">\n<p><strong>Las Cuevas Prehist\u00f3ricas de Nerja<\/strong> y los peque\u00f1os pueblos blancos de los alrededores merecen ser visitados por su inter\u00e9s cultural y especial encanto.<\/p>\n<p>Siendo un pueblo <strong>costero del Mediterr\u00e1neo<\/strong>, todos los deportes acu\u00e1ticos son practicables, como tambi\u00e9n lo son, el tenis, la nataci\u00f3n, montar a caballo y el senderismo, todos compatibles con nuestros cursos.<\/p>\n<p>Tambi\u00e9n podr\u00e1 aprovechar su tiempo libre visitando los bares y restaurantes en los que sirven <strong>especialidades gastron\u00f3micas<\/strong> regionales \u2014pescados frescos y frutos tropicales o platos como a calabaza frita, la ensalada de aguacates, la sopa de almendras, entro otros muchos\u2014 y disfrutar de nuestro arte tradicional: <strong>el flamenco<\/strong>. <strong>Nerja<\/strong> dispone de muy buenas instalaciones de hosteler\u00eda y servicios, ofreciendo un excelente ambiente a todos sus visitantes.<\/p>\n<p><strong><img loading=\"lazy\" decoding=\"async\" class=\"size-large wp-image-162903 aligncenter\" src=\"https:\/\/www.idnerja.com\/wp-content\/uploads\/2019\/06\/ecoturismo-y-sostenibilidad-en-nerja-1-e1592811696686-800x444.jpg\" alt=\"Nerja\" width=\"800\" height=\"444\" srcset=\"https:\/\/www.idnerja.com\/wp-content\/uploads\/2019\/06\/ecoturismo-y-sostenibilidad-en-nerja-1-e1592811696686-800x444.jpg 800w, https:\/\/www.idnerja.com\/wp-content\/uploads\/2019\/06\/ecoturismo-y-sostenibilidad-en-nerja-1-e1592811696686-150x83.jpg 150w, https:\/\/www.idnerja.com\/wp-content\/uploads\/2019\/06\/ecoturismo-y-sostenibilidad-en-nerja-1-e1592811696686-400x222.jpg 400w, https:\/\/www.idnerja.com\/wp-content\/uploads\/2019\/06\/ecoturismo-y-sostenibilidad-en-nerja-1-e1592811696686-768x426.jpg 768w, https:\/\/www.idnerja.com\/wp-content\/uploads\/2019\/06\/ecoturismo-y-sostenibilidad-en-nerja-1-e1592811696686.jpg 1280w\" sizes=\"auto, (max-width: 800px) 100vw, 800px\" \/><\/strong><\/p>\n<\/div>\n<\/div>\n[\/vc_column_text][\/vc_column][\/vc_row][vc_row type=\u00bbin_container\u00bb full_screen_row_position=\u00bbmiddle\u00bb scene_position=\u00bbcenter\u00bb text_color=\u00bbdark\u00bb text_align=\u00bbleft\u00bb overlay_strength=\u00bb0.3&#8243; shape_divider_position=\u00bbbottom\u00bb bg_image_animation=\u00bbnone\u00bb][vc_column column_padding=\u00bbno-extra-padding\u00bb column_padding_position=\u00bball\u00bb background_color_opacity=\u00bb1&#8243; background_hover_color_opacity=\u00bb1&#8243; column_link_target=\u00bb_self\u00bb column_shadow=\u00bbnone\u00bb column_border_radius=\u00bbnone\u00bb width=\u00bb1\/1&#8243; tablet_width_inherit=\u00bbdefault\u00bb tablet_text_alignment=\u00bbdefault\u00bb phone_text_alignment=\u00bbdefault\u00bb column_border_width=\u00bbnone\u00bb column_border_style=\u00bbsolid\u00bb bg_image_animation=\u00bbnone\u00bb][vc_column_text]\n<h2><strong>Nerja y turismo: gu\u00eda de cosas que ver, hacer y d\u00f3nde dormir<\/strong><\/h2>\n<p>En <a href=\"http:\/\/www.idnerja.com\">Escuela de Idiomas Nerja<\/a> conocemos cada rinc\u00f3n de esta localidad con encanto de <strong>M\u00e1laga<\/strong> <strong>(Andaluc\u00eda)<\/strong>\u00a0para que adem\u00e1s de aprender espa\u00f1ol en Espa\u00f1a, puedas disfrutar de cada secreto de uno de los mejores pueblos de la <strong>Costa del Sol<\/strong>.<\/p>\n<p><strong>Nerja<\/strong> es un municipio de Espa\u00f1a pesquero y que limita con la provincia de Granada, en el que confluye la desembocadura de tres r\u00edos: r\u00edo seco, r\u00edo de la miel y\u00a0r\u00edo chillar, \u00a0y que disfruta de m\u00e1s de 300 d\u00edas de sol al a\u00f1o.<\/p>\n<p>El\u00a0<strong>municipio<\/strong>\u00a0de\u00a0<strong>Nerja<\/strong>, cuenta con un\u00a0<strong>total<\/strong>\u00a0de\u00a0<strong>seis torres<\/strong>, estas, en el pasado fueron utilizadas como torres de defensa, estando colocadas en la zona costera. Hoy en d\u00eda presenta un buen estado de conservaci\u00f3n la torre de Macaca, la de Maro o de Calaturcos, la del Pino y la de la Caleta, en cambio la torre o Torrecilla de Nerja, la del R\u00edo de la Miel, est\u00e1n pr\u00e1cticamente destruidas por completo.<\/p>\n<p>Se trata de una puerta a Europa ideal para unas vacaciones, hacer turismo y hasta para bucear durante gran parte del a\u00f1o para conocer los secretos del Mediterr\u00e1neo.<\/p>\n<p>Si bien, no es la \u00fanica actividad que se puede llevar a cabo en la costa \u2014con 13 kil\u00f3metros de litoral\u2014, ya que a trav\u00e9s de un paseo en Barco o de una excursi\u00f3n en Kayak es posible admirar la belleza de la Costa del Sol. Por lo que se trata de una localidad que rebosa encanto por los 4 costados.[\/vc_column_text][vc_video link=\u00bbhttps:\/\/youtu.be\/8U-qKPef0zk\u00bb align=\u00bbcenter\u00bb][vc_column_text]\n<h2><strong>Actividades y excursiones en Nerja<\/strong><strong> y en sus alrededores<\/strong><\/h2>\n<p>Si te decides a venir a la localidad, y a hospedarte en alguno de los <strong>hoteles de Nerja<\/strong>. Adem\u00e1s, de degustar los platos t\u00edpicos y del mejor flamenco, tambi\u00e9n puedes visitar los parajes naturales, como el paraje de\u00a0Maro\u00a0o el Cerro gordo, adem\u00e1s del parque natural de la sierras de Tejeda y Almijara, o las conocidas <strong><a href=\"https:\/\/www.idnerja.com\/es\/actividades\/cuevas-de-nerja\/\">Cuevas de Nerja<\/a><\/strong>.<\/p>\n<h2><strong>Las cuevas de Nerja<\/strong><\/h2>\n<p>Este enclave de inter\u00e9s arqueol\u00f3gico, descubierto en 1960, est\u00e1 situado en la pedan\u00eda de\u00a0Maro y 158 metros sobre el nivel del mar.<\/p>\n<p>Este Patrimonio Cultural y Nacional, catalogado como Bien de Inter\u00e9s Cultural\u00a0desde\u00a0el\u00a02006, se caracteriza por sus pinturas rupestres, una de las m\u00e1s antiguas de Espa\u00f1a.<\/p>\n<p>Tesoro que comparte lugar con unas de las columnas m\u00e1s grandes del mundo gracias a la fusi\u00f3n de estalactitas y estalagmitas en un \u00fanico pilar, y que son testigos de las representaciones que se llevan a cabo en el teatro interior por el <strong>festival cueva de Nerja<\/strong>. No en vano, dispone de 4.823 metros de superficie.<\/p>\n<h2><strong>Fiestas de Nerja<\/strong><\/h2>\n<p>Nerja respira la esencia andaluza como ninguna otra localidad, no en vano, la cuna del flamenco presume de<br \/>\n<strong>El Carnaval de Nerja<\/strong>, la fiesta de San Juan, la\u00a0<strong>Virgen del Carmen<\/strong>, y la\u00a0<a href=\"https:\/\/www.nerja-turismo.com\/fiestas\/feria\/\" target=\"_blank\" rel=\"noopener noreferrer\"><strong>feria de Nerja<\/strong><\/a>, entre otras muchas celebraciones m\u00e1s.<\/p>\n<h2><strong>Qu\u00e9 hacer y qu\u00e9 ver en Nerja<\/strong><\/h2>\n<p>La localidad malague\u00f1a ofrece multitud de actividades y lugares para ver y disfrutar: desde el <strong>museo de Nerja<\/strong> o el Puente del \u00c1guila hasta el <strong>Barco de Chanquete<\/strong> o el Balc\u00f3n de Europa, pasando por el antiguo mercado de abasto de <strong>Nerja<\/strong> y por sus playas.<\/p>\n<h2><strong>Ayuntamiento de Nerja<\/strong><\/h2>\n<p>Bien como punto de encuentro, o como punto de partida para ver todo lo que tiene que ofrecer <strong>Nerja<\/strong>, su ayuntamiento es ejemplo de la arquitectura de la zona.<\/p>\n<h2><strong>Puente\u00a0del\u00a0\u00c1guila<\/strong><\/h2>\n<p>Se trata de un acueducto para surtir a la f\u00e1brica de az\u00facar de San Joaqu\u00edn en el siglo XIX. Est\u00e1 catalogado como Bien de Inter\u00e9s Cultural. Es posible visitarlo en el barranco de la Coladilla de Cazadores de los Acantilados de Maro.<\/p>\n<h2><strong>Balc\u00f3n\u00a0de\u00a0Nerja<\/strong><\/h2>\n<p>Tambi\u00e9n conocido como el Balc\u00f3n de Europa, se trata de una peque\u00f1a edificaci\u00f3n en un promontorio sobre los restos del fuerte del castillo\u00a0Bajo\u00a0de\u00a0Nerja, erigido en el siglo\u00a0IX. Este mirador ofrece una panor\u00e1mica del mar y de \u00c1frica\u00a0y a la <strong>costa de Nerja<\/strong> en pleno centro de <strong>Nerja<\/strong>.<\/p>\n<h2><strong>Museo\u00a0de\u00a0Nerja<\/strong><\/h2>\n<p>Alberga una amplia colecci\u00f3n de piezas arqueol\u00f3gicas, etnogr\u00e1ficas y de documentos hist\u00f3ricos<\/p>\n<h2><strong>Plaza\u00a0de\u00a0Espa\u00f1a<\/strong><\/h2>\n<p>Situada en el <strong>centro hist\u00f3rico de Nerja<\/strong>, es el epicentro de diferentes eventos culturales.<\/p>\n<h2><strong>Iglesia\u00a0del\u00a0Salvador<\/strong><\/h2>\n<p>Edificada a finales del siglo XVII, su estructura se modific\u00f3 varias veces a lo largo de los siglos hasta la restauraci\u00f3n final realizada en el 1997.<\/p>\n<h2><strong>Parque Verano Azul y el Barco de Chanquete<\/strong><\/h2>\n<p>Creado en 2001 en homenaje a la serie <em>Verano Azul<\/em>, est\u00e1 compuesto por el barco de Chanquete, un parque infantil y una zona de actividad.<\/p>\n<p>La r\u00e9plica del barco llamado <strong><em>la Dorada<\/em><\/strong><strong>,<\/strong> fue uno de los protagonistas de la serie se grab\u00f3 en <strong>Nerja<\/strong> durante 1980. Es por ello que no se puede acceder al interior.<\/p>\n<h2><strong>Iglesia\u00a0de<\/strong>\u00a0<strong>San Miguel<\/strong><\/h2>\n<p>Perteneciente al siglo XVII, se emplaz\u00f3 en el exterior de la localidad. Ahora, est\u00e1 en el centro. En su interior presenta im\u00e1genes de los ap\u00f3stoles.<\/p>\n<h2><strong>Mercado\u00a0de\u00a0abasto\u00a0de\u00a0Nerja<\/strong><\/h2>\n<p>Con m\u00e1s de 70 a la espalda, hoy es un lugar dedicado a las exposiciones. Una de las m\u00e1s c\u00e9lebres es la dedicada a Marisol, nacida en M\u00e1laga el 4 de febrero del 1948.<\/p>\n<h2><strong>Fuente\u00a0<\/strong>de\u00a0<strong>Europa<\/strong><\/h2>\n<p>En homenaje a la diversidad cultural, se cre\u00f3 con 25 piedras diferentes de sendos pa\u00edses de la Uni\u00f3n Europea.<\/p>\n<h2><strong>Playa El Chucho<\/strong><\/h2>\n<p>Cuenta con aguas poco profundas, de arena oscura y compuesta de grava. Es recomendable ba\u00f1arse en ella con escarpines, Est\u00e1 situada justo en la desembocadura del r\u00edo Chillar.<\/p>\n<h2><strong>Playa Calahonda<\/strong><\/h2>\n<p>Su arena es oscura debido a que est\u00e1 compuesta de grava. Es el emplazamiento que sirvi\u00f3 de escenario para algunos cap\u00edtulos de la serie de televisi\u00f3n <em>Verano Azul<\/em>, y est\u00e1 situada a los pies del balc\u00f3n de Europa.<\/p>\n<h2><strong>Playa Burriana<\/strong><\/h2>\n<p>Es una de las tres playas m\u00e1s famosas de <strong>Nerja<\/strong>. Adem\u00e1s de una bandera azul, es un lugar magn\u00edfico para practicar deportes acu\u00e1ticos. Adem\u00e1s, cuenta con un espectacular paseo mar\u00edtimo en homenaje a Antonio\u00a0Mercero, productor de <em>Verano Azul<\/em>.<\/p>\n<h2><strong>Playa\u00a0la\u00a0Caleta\u00a0de\u00a0Maro<\/strong><\/h2>\n<p>Se trata de una playa nudista a la que solo es posible llegar andando.<\/p>\n<h2><strong>Playa\u00a0de\u00a0Maro<\/strong><\/h2>\n<p>Su arena oscura y gruesa es tan caracter\u00edstica como la flora y la fauna de sus aguas. Es ideal para practicar Kayak y hasta para tomar algo tras una sesi\u00f3n de sol gracias a su chiringuito.<\/p>\n<h2><strong>Playa\u00a0de las\u00a0Alberquillas<\/strong><\/h2>\n<p>Est\u00e1 emplazada en una reserva Natural Acantilados de Maro.<\/p>\n<h2><strong>Cala\u00a0del\u00a0Pino<\/strong><\/h2>\n<p>Se compone de dos calas ubicadas entre la playa de la Alberquillas y la Torre del Pino. El lugar perfecto para bucear y practicar esn\u00f3rquel en <strong>Nerja<\/strong>.[\/vc_column_text][\/vc_column][\/vc_row][vc_row type=\u00bbin_container\u00bb full_screen_row_position=\u00bbmiddle\u00bb scene_position=\u00bbcenter\u00bb text_color=\u00bbdark\u00bb text_align=\u00bbleft\u00bb overlay_strength=\u00bb0.3&#8243; shape_divider_position=\u00bbbottom\u00bb bg_image_animation=\u00bbnone\u00bb][vc_column column_padding=\u00bbno-extra-padding\u00bb column_padding_position=\u00bball\u00bb background_color_opacity=\u00bb1&#8243; background_hover_color_opacity=\u00bb1&#8243; column_link_target=\u00bb_self\u00bb column_shadow=\u00bbnone\u00bb column_border_radius=\u00bbnone\u00bb width=\u00bb1\/1&#8243; tablet_width_inherit=\u00bbdefault\u00bb tablet_text_alignment=\u00bbdefault\u00bb phone_text_alignment=\u00bbdefault\u00bb column_border_width=\u00bbnone\u00bb column_border_style=\u00bbsolid\u00bb bg_image_animation=\u00bbnone\u00bb][vc_column_text]\n<h2 class=\"mapofthearea\"><strong>Mapa de Nerja<\/strong><\/h2>\n<div id=\"mapa\"><iframe loading=\"lazy\" style=\"border: 0;\" src=\"https:\/\/www.google.com\/maps\/embed?pb=!1m29!1m12!1m3!1d3196.896881381617!2d-3.877115701616526!3d36.74904617605693!2m3!1f0!2f0!3f0!3m2!1i1024!2i768!4f13.1!4m14!1i0!3e6!4m5!1s0xd72250e1dab4bd7%3A0x516db4b7076748c5!2sEscuela+de+Idiomas+Nerja+SL%2C+Calle+Almirante+Ferr%C3%A1ndiz%2C+73%2C+29780+Nerja%2C+M%C3%A1laga%2C+Espa%C3%B1a!3m2!1d36.748526999999996!2d-3.8755849999999996!4m5!1s0xd72250fbbb88873%3A0x4570bd975156fce4!2sCalle+San+Juan%2C+39%2C+29780+Nerja%2C+M%C3%A1laga%2C+Espa%C3%B1a!3m2!1d36.749584899999995!2d-3.8740386!5e0!3m2!1ses!2ses!4v1428911383432\" width=\"300\" height=\"150\" frameborder=\"0\" data-mce-fragment=\"1\"><\/iframe><\/div>\n<h2><strong>Qu\u00e9 puedes hacer en Nerja con Escuela de Idiomas Nerja<\/strong><\/h2>\n<ul>\n<li>Descubre las <a href=\"https:\/\/www.idnerja.com\/es\/descripcion\/\">actividades y excursiones en Nerja<\/a> que puedes hacer con nosotros.<\/li>\n<li>Tambi\u00e9n puedes ver nuestro <a href=\"https:\/\/www.idnerja.com\/es\/actividades\/\">programa de actividades<\/a> del curso de Espa\u00f1ol.<\/li>\n<li>Tambi\u00e9n tenemos <a href=\"https:\/\/www.idnerja.com\/es\/alojamiento-nerja\/\">alojamiento en Nerja<\/a>, para que no tengas que preocuparte por nada.<\/li>\n<li>Y, por supuesto, el <a href=\"https:\/\/www.idnerja.com\/es\/como-llegar\/\">mapa de la localidad y las indicaciones para llegar a Nerja<\/a>.<span style=\"color: #888888;\"><br clear=\"all\" \/><\/span><\/li>\n<\/ul>\n[\/vc_column_text][\/vc_column][\/vc_row]\n","protected":false},"excerpt":{"rendered":"<p>Nerja Nerja es un pueblo situado en la Costa del Sol, a cincuenta minutos de M\u00e1laga, que conserva su propio car\u00e1cter andaluz y cuenta con una poblaci\u00f3n de aproximadamente 20.000&hellip;<\/p>","protected":false},"author":34,"featured_media":0,"parent":0,"menu_order":2,"comment_status":"open","ping_status":"closed","template":"page-sidebar.php","meta":{"_monsterinsights_skip_tracking":false,"_monsterinsights_sitenote_active":false,"_monsterinsights_sitenote_note":"","_monsterinsights_sitenote_category":0,"footnotes":""},"class_list":["post-38","page","type-page","status-publish"],"_links":{"self":[{"href":"https:\/\/www.idnerja.com\/es\/wp-json\/wp\/v2\/pages\/38","targetHints":{"allow":["GET"]}}],"collection":[{"href":"https:\/\/www.idnerja.com\/es\/wp-json\/wp\/v2\/pages"}],"about":[{"href":"https:\/\/www.idnerja.com\/es\/wp-json\/wp\/v2\/types\/page"}],"author":[{"embeddable":true,"href":"https:\/\/www.idnerja.com\/es\/wp-json\/wp\/v2\/users\/34"}],"replies":[{"embeddable":true,"href":"https:\/\/www.idnerja.com\/es\/wp-json\/wp\/v2\/comments?post=38"}],"version-history":[{"count":12,"href":"https:\/\/www.idnerja.com\/es\/wp-json\/wp\/v2\/pages\/38\/revisions"}],"predecessor-version":[{"id":167527,"href":"https:\/\/www.idnerja.com\/es\/wp-json\/wp\/v2\/pages\/38\/revisions\/167527"}],"wp:attachment":[{"href":"https:\/\/www.idnerja.com\/es\/wp-json\/wp\/v2\/media?parent=38"}],"curies":[{"name":"wp","href":"https:\/\/api.w.org\/{rel}","templated":true}]}}